{"id":6754,"date":"2022-09-22T09:20:50","date_gmt":"2022-09-22T07:44:48","guid":{"rendered":"https:\/\/verpatec.ch\/produkt\/plaque-de-mousse-nub-hl2551\/"},"modified":"2024-09-16T21:56:08","modified_gmt":"2024-09-16T19:56:08","slug":"plaque-de-mousse-nub-hl2551","status":"publish","type":"product","link":"https:\/\/verpatec.ch\/fr\/produit\/plaque-de-mousse-nub-hl2551\/","title":{"rendered":"Plaque de mousse \u00e0 picots Mousse souple HL2551, 600x500x30mm"},"content":{"rendered":"","protected":false},"excerpt":{"rendered":"<p>Mousse pr\u00e9d\u00e9coup\u00e9e en mousse souple \u00e0 picots 25kg\/m3, anthracite, \u00e0 picots fins 1:3, avec IM : 600x500x30mm.<\/p>\n","protected":false},"featured_media":25738,"comment_status":"open","ping_status":"closed","template":"","meta":{"inline_featured_image":false},"product_brand":[],"product_cat":[285,337],"product_tag":[],"class_list":{"0":"post-6754","1":"product","2":"type-product","3":"status-publish","4":"has-post-thumbnail","6":"product_cat-mousse","7":"product_cat-plaque-de-mousse-nub","8":"product_shipping_class-paquet-postal-1","9":"pa_marke-verpatec-fr","10":"post-wrapper","12":"first","13":"instock","14":"taxable","15":"shipping-taxable","16":"purchasable","17":"product-type-simple"},"_links":{"self":[{"href":"https:\/\/verpatec.ch\/fr\/wp-json\/wp\/v2\/product\/6754","targetHints":{"allow":["GET"]}}],"collection":[{"href":"https:\/\/verpatec.ch\/fr\/wp-json\/wp\/v2\/product"}],"about":[{"href":"https:\/\/verpatec.ch\/fr\/wp-json\/wp\/v2\/types\/product"}],"replies":[{"embeddable":true,"href":"https:\/\/verpatec.ch\/fr\/wp-json\/wp\/v2\/comments?post=6754"}],"wp:featuredmedia":[{"embeddable":true,"href":"https:\/\/verpatec.ch\/fr\/wp-json\/wp\/v2\/media\/25738"}],"wp:attachment":[{"href":"https:\/\/verpatec.ch\/fr\/wp-json\/wp\/v2\/media?parent=6754"}],"wp:term":[{"taxonomy":"product_brand","embeddable":true,"href":"https:\/\/verpatec.ch\/fr\/wp-json\/wp\/v2\/product_brand?post=6754"},{"taxonomy":"product_cat","embeddable":true,"href":"https:\/\/verpatec.ch\/fr\/wp-json\/wp\/v2\/product_cat?post=6754"},{"taxonomy":"product_tag","embeddable":true,"href":"https:\/\/verpatec.ch\/fr\/wp-json\/wp\/v2\/product_tag?post=6754"}],"curies":[{"name":"wp","href":"https:\/\/api.w.org\/{rel}","templated":true}]}}