{"id":3360,"date":"2022-07-12T09:57:15","date_gmt":"2022-07-12T07:57:18","guid":{"rendered":"https:\/\/verpatec.ch\/produkt\/alveobloc-na-ab-36100-noir-4\/"},"modified":"2025-02-25T14:01:52","modified_gmt":"2025-02-25T13:01:52","slug":"alveobloc-na-ab-36100-noir-4","status":"publish","type":"product","link":"https:\/\/verpatec.ch\/fr\/produit\/alveobloc-na-ab-36100-noir-4\/","title":{"rendered":"Plaque de mousse en Alveobloc NA36 noir, 600x500x40mm"},"content":{"rendered":"","protected":false},"excerpt":{"rendered":"<p>Mousse pr\u00e9d\u00e9coup\u00e9e en Alveo Na36100 28kg\/m3, noire, cliv\u00e9e, 600x500x40mm<\/p>\n","protected":false},"featured_media":26021,"comment_status":"open","ping_status":"closed","template":"","meta":{"inline_featured_image":false},"product_brand":[],"product_cat":[283,285],"product_tag":[],"class_list":{"0":"post-3360","1":"product","2":"type-product","3":"status-publish","4":"has-post-thumbnail","6":"product_cat-alveobloc-fr","7":"product_cat-mousse","8":"product_shipping_class-paquet-postal-1","9":"pa_marke-verpatec-fr","10":"post-wrapper","12":"first","13":"instock","14":"taxable","15":"shipping-taxable","16":"purchasable","17":"product-type-simple"},"_links":{"self":[{"href":"https:\/\/verpatec.ch\/fr\/wp-json\/wp\/v2\/product\/3360","targetHints":{"allow":["GET"]}}],"collection":[{"href":"https:\/\/verpatec.ch\/fr\/wp-json\/wp\/v2\/product"}],"about":[{"href":"https:\/\/verpatec.ch\/fr\/wp-json\/wp\/v2\/types\/product"}],"replies":[{"embeddable":true,"href":"https:\/\/verpatec.ch\/fr\/wp-json\/wp\/v2\/comments?post=3360"}],"wp:featuredmedia":[{"embeddable":true,"href":"https:\/\/verpatec.ch\/fr\/wp-json\/wp\/v2\/media\/26021"}],"wp:attachment":[{"href":"https:\/\/verpatec.ch\/fr\/wp-json\/wp\/v2\/media?parent=3360"}],"wp:term":[{"taxonomy":"product_brand","embeddable":true,"href":"https:\/\/verpatec.ch\/fr\/wp-json\/wp\/v2\/product_brand?post=3360"},{"taxonomy":"product_cat","embeddable":true,"href":"https:\/\/verpatec.ch\/fr\/wp-json\/wp\/v2\/product_cat?post=3360"},{"taxonomy":"product_tag","embeddable":true,"href":"https:\/\/verpatec.ch\/fr\/wp-json\/wp\/v2\/product_tag?post=3360"}],"curies":[{"name":"wp","href":"https:\/\/api.w.org\/{rel}","templated":true}]}}