{"id":27666,"date":"2026-05-13T08:30:27","date_gmt":"2026-05-13T06:30:27","guid":{"rendered":"https:\/\/verpatec.ch\/produkt\/peli-22-atx-valise-cabine-rigide-anthrazit\/"},"modified":"2026-05-13T08:30:29","modified_gmt":"2026-05-13T06:30:29","slug":"peli-22-atx-valise-cabine-rigide-anthrazit","status":"publish","type":"product","link":"https:\/\/verpatec.ch\/fr\/produit\/peli-22-atx-valise-cabine-rigide-anthrazit\/","title":{"rendered":"Peli 22\" ATX Valise cabine rigide anthrazit"},"content":{"rendered":"","protected":false},"excerpt":{"rendered":"<p>PELI\u2122 ATX22, anthracite, avec des dimensions int\u00e9rieures de 472 x 299 x 184 mm et des dimensions ext\u00e9rieures de 559 x 356 x 231 mm.<\/p>\n<p>La valise cabine Peli\u2122 ATX est une valise rigide haut de gamme offrant une protection exceptionnelle, con\u00e7ue pour les aventures exigeantes ainsi que pour les voyages du quotidien.<br \/>Elle prot\u00e8ge l\u2019ensemble de vos effets personnels avec une robustesse et un style incomparables.<\/p>\n<p>La valise cabine est \u00e9quip\u00e9e de serrures TSA, de roulettes doubles Hinomoto\u00ae \u00e0 360 degr\u00e9s et d\u2019une poign\u00e9e t\u00e9lescopique.<br \/>D\u00e9velopp\u00e9e par une marque sp\u00e9cialis\u00e9e dans les valises premium depuis pr\u00e8s de cinquante ans, la valise ATX b\u00e9n\u00e9ficie de la construction Peli Armor\u2122 pour prot\u00e9ger vos objets de valeur.<\/p>\n<p>La valise ATX offre une protection l\u00e9gendaire et un confort optimal pour les voyageurs aventureux.<\/p>\n<p>\u2022 R\u00e9sistance extr\u00eame : la construction Peli Armor\u2122 prot\u00e8ge vos objets de valeur.<br \/>\u2022 Voyage s\u00e9curis\u00e9 : serrures int\u00e9gr\u00e9es pour une s\u00e9curit\u00e9 maximale.<br \/>\u2022 Maniabilit\u00e9 optimale : roulettes doubles Hinomoto\u00ae \u00e0 360 degr\u00e9s pour une navigation sans effort.<br \/>\u2022 Grand espace de rangement : int\u00e9rieur optimis\u00e9 pour une efficacit\u00e9 maximale de rangement.<br \/>\u2022 \u00c9tanche \u00e0 l\u2019eau et \u00e0 la poussi\u00e8re : conception herm\u00e9tique prot\u00e9geant contre les intemp\u00e9ries.<\/p>\n<p>Num\u00e9ro de fabricant : HC22-00080-CHARE<\/p>\n","protected":false},"featured_media":27704,"comment_status":"open","ping_status":"closed","template":"","meta":{"inline_featured_image":false},"product_brand":[],"product_cat":[362],"product_tag":[],"class_list":{"0":"post-27666","1":"product","2":"type-product","3":"status-publish","4":"has-post-thumbnail","6":"product_cat-peli-air-travel-case-fr","7":"product_shipping_class-postpaket-2-fr","8":"pa_marke-peli-fr","9":"post-wrapper","11":"first","12":"onbackorder","13":"taxable","14":"shipping-taxable","15":"purchasable","16":"product-type-simple"},"_links":{"self":[{"href":"https:\/\/verpatec.ch\/fr\/wp-json\/wp\/v2\/product\/27666","targetHints":{"allow":["GET"]}}],"collection":[{"href":"https:\/\/verpatec.ch\/fr\/wp-json\/wp\/v2\/product"}],"about":[{"href":"https:\/\/verpatec.ch\/fr\/wp-json\/wp\/v2\/types\/product"}],"replies":[{"embeddable":true,"href":"https:\/\/verpatec.ch\/fr\/wp-json\/wp\/v2\/comments?post=27666"}],"wp:featuredmedia":[{"embeddable":true,"href":"https:\/\/verpatec.ch\/fr\/wp-json\/wp\/v2\/media\/27704"}],"wp:attachment":[{"href":"https:\/\/verpatec.ch\/fr\/wp-json\/wp\/v2\/media?parent=27666"}],"wp:term":[{"taxonomy":"product_brand","embeddable":true,"href":"https:\/\/verpatec.ch\/fr\/wp-json\/wp\/v2\/product_brand?post=27666"},{"taxonomy":"product_cat","embeddable":true,"href":"https:\/\/verpatec.ch\/fr\/wp-json\/wp\/v2\/product_cat?post=27666"},{"taxonomy":"product_tag","embeddable":true,"href":"https:\/\/verpatec.ch\/fr\/wp-json\/wp\/v2\/product_tag?post=27666"}],"curies":[{"name":"wp","href":"https:\/\/api.w.org\/{rel}","templated":true}]}}