{"id":27632,"date":"2026-05-13T08:10:25","date_gmt":"2026-05-13T06:10:25","guid":{"rendered":"https:\/\/verpatec.ch\/produkt\/peli-22-atx-valise-cabine-rigide-boir\/"},"modified":"2026-05-13T08:10:27","modified_gmt":"2026-05-13T06:10:27","slug":"peli-22-atx-valise-cabine-rigide-boir","status":"publish","type":"product","link":"https:\/\/verpatec.ch\/fr\/produit\/peli-22-atx-valise-cabine-rigide-boir\/","title":{"rendered":"Peli 22\" ATX Valise cabine rigide boir"},"content":{"rendered":"","protected":false},"excerpt":{"rendered":"<p>PELI\u2122 ATX22, schwarz mit den Innenmasse 472x299x184mm und die Aussenmasse 559x356x231mm.<\/p>\n<p>Der Peli\u2122 ATX Handgep\u00e4ckkoffer ist ein sch\u00fctzender, hochwertiger Hartschalenkoffer, entwickelt f\u00fcr anspruchsvolle Abenteuer und den Alltag<br \/>auf Reisen. Er bewahrt Ihr gesamtes Gep\u00e4ck mit unvergleichlicher St\u00e4rke und Stil. Der Handgep\u00e4ckkoffer verf\u00fcgt \u00fcber TSA-Schl\u00f6sser, 360-GradDoppelrollen und einen Teleskopgriff. Von der Marke, die seit fast f\u00fcnfzig<br \/>Jahren Premium-Koffer entwickelt, kommt der ATX Handgep\u00e4ckkoffer mit Peli Armor\u2122 Konstruktion zum Schutz Ihrer Wertsachen. Der ATX Koffer bietet legend\u00e4ren Schutz und Komfort f\u00fcr den abenteuerlustigen Reisenden.<br \/>Extreme Strapazierf\u00e4higkeit: Die Peli Armor\u2122 Konstruktion sch\u00fctzt Ihre Wertsachen. Sicheres Reisen: Integrierte Schl\u00f6sser sorgen f\u00fcr Sicherheit.<br \/>Einfache Handhabung: Hinomoto\u00ae 360-Grad Doppelrollen f\u00fcr m\u00fchelose Navigation.<br \/>\u2022 Extreme Strapazierf\u00e4higkeit: Die Peli Armor\u2122 Konstruktion sch\u00fctzt Ihre Wertsachen.<br \/>\u2022 Sicheres Reisen: Integrierte Schl\u00f6sser sorgen f\u00fcr Sicherheit.<br \/>\u2022 Einfache Handhabung: Hinomoto\u00ae 360-Grad Doppelrollen f\u00fcr m\u00fchelose Navigation.<br \/>\u2022 Viel Platz: Optimiertes Innenleben f\u00fcr maximale Packeffizienz.<br \/>\u2022 Wasser- und Staubdicht: Versiegeltes Design sch\u00fctzt vor Witterungseinfl\u00fcssen.<\/p>\n<p>Hersteller-nummer: HC22-00080-BLKE<\/p>\n","protected":false},"featured_media":27649,"comment_status":"open","ping_status":"closed","template":"","meta":{"inline_featured_image":false},"product_brand":[],"product_cat":[82],"product_tag":[],"class_list":{"0":"post-27632","1":"product","2":"type-product","3":"status-publish","4":"has-post-thumbnail","6":"product_cat-peli-case-fr","7":"product_shipping_class-postpaket-2-fr","8":"pa_marke-peli-fr","9":"post-wrapper","11":"first","12":"onbackorder","13":"taxable","14":"shipping-taxable","15":"purchasable","16":"product-type-simple"},"_links":{"self":[{"href":"https:\/\/verpatec.ch\/fr\/wp-json\/wp\/v2\/product\/27632","targetHints":{"allow":["GET"]}}],"collection":[{"href":"https:\/\/verpatec.ch\/fr\/wp-json\/wp\/v2\/product"}],"about":[{"href":"https:\/\/verpatec.ch\/fr\/wp-json\/wp\/v2\/types\/product"}],"replies":[{"embeddable":true,"href":"https:\/\/verpatec.ch\/fr\/wp-json\/wp\/v2\/comments?post=27632"}],"wp:featuredmedia":[{"embeddable":true,"href":"https:\/\/verpatec.ch\/fr\/wp-json\/wp\/v2\/media\/27649"}],"wp:attachment":[{"href":"https:\/\/verpatec.ch\/fr\/wp-json\/wp\/v2\/media?parent=27632"}],"wp:term":[{"taxonomy":"product_brand","embeddable":true,"href":"https:\/\/verpatec.ch\/fr\/wp-json\/wp\/v2\/product_brand?post=27632"},{"taxonomy":"product_cat","embeddable":true,"href":"https:\/\/verpatec.ch\/fr\/wp-json\/wp\/v2\/product_cat?post=27632"},{"taxonomy":"product_tag","embeddable":true,"href":"https:\/\/verpatec.ch\/fr\/wp-json\/wp\/v2\/product_tag?post=27632"}],"curies":[{"name":"wp","href":"https:\/\/api.w.org\/{rel}","templated":true}]}}