{"id":27510,"date":"2026-04-22T09:27:48","date_gmt":"2026-04-22T07:27:50","guid":{"rendered":"https:\/\/verpatec.ch\/produkt\/boite-en-plastique-b-cb-2\/"},"modified":"2026-04-22T11:44:55","modified_gmt":"2026-04-22T09:44:55","slug":"boite-en-plastique-b-cb-2","status":"publish","type":"product","link":"https:\/\/verpatec.ch\/fr\/produit\/boite-en-plastique-b-cb-2\/","title":{"rendered":"Bo\u00eete en plastique B-CB"},"content":{"rendered":"","protected":false},"excerpt":{"rendered":"<p>Bo\u00eete en plastique B-CB transparente aux dimensions 95x70x17\/1<br \/>finition haut de gamme<br \/>utilisation universelle<br \/>les surfaces polies du couvercle garantissent une grande transparence pour une excellente pr\u00e9sentation du produit<br \/>fermeture \u00e0 cliquet int\u00e9gr\u00e9e au contour<br \/>charni\u00e8res durables<br \/>couleurs transparentes, translucides ou opaques offrant de nombreuses possibilit\u00e9s de diversification<br \/>excellentes possibilit\u00e9s d'impression ou d'\u00e9tiquetage<\/p>\n","protected":false},"featured_media":27544,"comment_status":"open","ping_status":"closed","template":"","meta":{"inline_featured_image":false},"product_brand":[],"product_cat":[99],"product_tag":[],"class_list":{"0":"post-27510","1":"product","2":"type-product","3":"status-publish","4":"has-post-thumbnail","6":"product_cat-non-classe","7":"product_shipping_class-paquet-postal-1","8":"pa_marke-verpatec-fr","9":"post-wrapper","11":"first","12":"onbackorder","13":"taxable","14":"shipping-taxable","15":"purchasable","16":"product-type-simple"},"_links":{"self":[{"href":"https:\/\/verpatec.ch\/fr\/wp-json\/wp\/v2\/product\/27510","targetHints":{"allow":["GET"]}}],"collection":[{"href":"https:\/\/verpatec.ch\/fr\/wp-json\/wp\/v2\/product"}],"about":[{"href":"https:\/\/verpatec.ch\/fr\/wp-json\/wp\/v2\/types\/product"}],"replies":[{"embeddable":true,"href":"https:\/\/verpatec.ch\/fr\/wp-json\/wp\/v2\/comments?post=27510"}],"wp:featuredmedia":[{"embeddable":true,"href":"https:\/\/verpatec.ch\/fr\/wp-json\/wp\/v2\/media\/27544"}],"wp:attachment":[{"href":"https:\/\/verpatec.ch\/fr\/wp-json\/wp\/v2\/media?parent=27510"}],"wp:term":[{"taxonomy":"product_brand","embeddable":true,"href":"https:\/\/verpatec.ch\/fr\/wp-json\/wp\/v2\/product_brand?post=27510"},{"taxonomy":"product_cat","embeddable":true,"href":"https:\/\/verpatec.ch\/fr\/wp-json\/wp\/v2\/product_cat?post=27510"},{"taxonomy":"product_tag","embeddable":true,"href":"https:\/\/verpatec.ch\/fr\/wp-json\/wp\/v2\/product_tag?post=27510"}],"curies":[{"name":"wp","href":"https:\/\/api.w.org\/{rel}","templated":true}]}}