{"id":26928,"date":"2026-03-14T21:15:18","date_gmt":"2026-03-14T20:15:20","guid":{"rendered":"https:\/\/verpatec.ch\/produkt\/valise-en-plastique-tekno-2004\/"},"modified":"2026-03-14T21:15:20","modified_gmt":"2026-03-14T20:15:20","slug":"valise-en-plastique-tekno-2004","status":"publish","type":"product","link":"https:\/\/verpatec.ch\/fr\/produit\/valise-en-plastique-tekno-2004\/","title":{"rendered":"Valise en plastique Tekno 2004"},"content":{"rendered":"","protected":false},"excerpt":{"rendered":"<p>Tekno 2004M \/ 1, gris argent\u00e9 avec des fermetures bleu fonc\u00e9, dimensions int\u00e9rieures : 261 x 175 x 58 (20\/38) mm.<\/p>\n","protected":false},"featured_media":26856,"comment_status":"open","ping_status":"closed","template":"","meta":{"inline_featured_image":false},"product_brand":[],"product_cat":[97,374],"product_tag":[],"class_list":{"0":"post-26928","1":"product","2":"type-product","3":"status-publish","4":"has-post-thumbnail","6":"product_cat-mallettes-en-plastique","7":"product_cat-tekno-fr","8":"product_shipping_class-paquet-postal-1","9":"pa_marke-verpatec-fr","10":"post-wrapper","12":"first","13":"instock","14":"taxable","15":"shipping-taxable","16":"purchasable","17":"product-type-simple"},"_links":{"self":[{"href":"https:\/\/verpatec.ch\/fr\/wp-json\/wp\/v2\/product\/26928","targetHints":{"allow":["GET"]}}],"collection":[{"href":"https:\/\/verpatec.ch\/fr\/wp-json\/wp\/v2\/product"}],"about":[{"href":"https:\/\/verpatec.ch\/fr\/wp-json\/wp\/v2\/types\/product"}],"replies":[{"embeddable":true,"href":"https:\/\/verpatec.ch\/fr\/wp-json\/wp\/v2\/comments?post=26928"}],"wp:featuredmedia":[{"embeddable":true,"href":"https:\/\/verpatec.ch\/fr\/wp-json\/wp\/v2\/media\/26856"}],"wp:attachment":[{"href":"https:\/\/verpatec.ch\/fr\/wp-json\/wp\/v2\/media?parent=26928"}],"wp:term":[{"taxonomy":"product_brand","embeddable":true,"href":"https:\/\/verpatec.ch\/fr\/wp-json\/wp\/v2\/product_brand?post=26928"},{"taxonomy":"product_cat","embeddable":true,"href":"https:\/\/verpatec.ch\/fr\/wp-json\/wp\/v2\/product_cat?post=26928"},{"taxonomy":"product_tag","embeddable":true,"href":"https:\/\/verpatec.ch\/fr\/wp-json\/wp\/v2\/product_tag?post=26928"}],"curies":[{"name":"wp","href":"https:\/\/api.w.org\/{rel}","templated":true}]}}