{"id":26563,"date":"2026-02-25T11:07:41","date_gmt":"2026-02-25T10:07:42","guid":{"rendered":"https:\/\/verpatec.ch\/produkt\/crdbag-y-wrap-large-noir-pour-pelican-peli\/"},"modified":"2026-02-25T11:07:42","modified_gmt":"2026-02-25T10:07:42","slug":"crdbag-y-wrap-large-noir-pour-pelican-peli","status":"publish","type":"product","link":"https:\/\/verpatec.ch\/fr\/produit\/crdbag-y-wrap-large-noir-pour-pelican-peli\/","title":{"rendered":"CRDBAG Y-WRAP LARGE , noir, pour Pelican \/ Peli"},"content":{"rendered":"","protected":false},"excerpt":{"rendered":"<p>Le CRDBAB Y-Wrap Large est la solution ultime pour les professionnels qui recherchent une protection, une organisation et une facilit\u00e9 d'utilisation in\u00e9gal\u00e9es pour leur pr\u00e9cieux \u00e9quipement. Trois fermetures et un cordon \u00e9lastique fonctionnent ensemble pour maintenir l'\u00e9quipement en place en toute s\u00e9curit\u00e9. Les trois coins sont repli\u00e9s vers l'int\u00e9rieur et fix\u00e9s \u00e0 l'aide des fermetures, de la poche \u00e9lastique et du cordon \u00e9lastique. Un compartiment transparent sert \u00e0 ranger les cartes d'\u00e9tiquetage, tandis qu'une bande Velcro permet d'apposer des \u00e9tiquettes adh\u00e9sives. Contenu de la livraison :Fixation : fermeture velcro avec surface adh\u00e9sive 3M. Sp\u00e9cifications : Doublure int\u00e9rieure rembourr\u00e9e en microfibre protectrice (prot\u00e8ge l'objectif de la poussi\u00e8re et des rayures, peut \u00e9galement \u00eatre utilis\u00e9e pour le bo\u00eetier de l'appareil photo).Mat\u00e9riau ext\u00e9rieur en nylon ripstop robuste<br \/>Sangle en spandex pour un maintien s\u00fbr<br \/>Fen\u00eatre d'\u00e9tiquetage int\u00e9gr\u00e9e<br \/>Ruban adh\u00e9sif pour autocollants<br \/>Cordon \u00e9lastique pour une fermeture s\u00fbre<br \/>Instructions de pliage claires pour une utilisation facile<br \/>Conception pliable avec 3 fermetures<br \/>Poche \u00e9lastique avec cordon de serrage<br \/>Poche d'identification transparente \u00e0 l'ext\u00e9rieur<br \/>Surface velcro pour les \u00e9tiquettes adh\u00e9sives<\/p>\n<p>Dimensions : 360 x 190 x 50 mm <br \/>Poids : 204 g<\/p>\n<p>CRD_WRP_003<\/p>\n","protected":false},"featured_media":26588,"comment_status":"open","ping_status":"closed","template":"","meta":{"inline_featured_image":false},"product_brand":[],"product_cat":[398],"product_tag":[],"class_list":{"0":"post-26563","1":"product","2":"type-product","3":"status-publish","4":"has-post-thumbnail","6":"product_cat-heavy-koffer","7":"product_shipping_class-paquet-postal-1","8":"post-wrapper","10":"first","11":"onbackorder","12":"taxable","13":"shipping-taxable","14":"purchasable","15":"product-type-simple"},"_links":{"self":[{"href":"https:\/\/verpatec.ch\/fr\/wp-json\/wp\/v2\/product\/26563","targetHints":{"allow":["GET"]}}],"collection":[{"href":"https:\/\/verpatec.ch\/fr\/wp-json\/wp\/v2\/product"}],"about":[{"href":"https:\/\/verpatec.ch\/fr\/wp-json\/wp\/v2\/types\/product"}],"replies":[{"embeddable":true,"href":"https:\/\/verpatec.ch\/fr\/wp-json\/wp\/v2\/comments?post=26563"}],"wp:featuredmedia":[{"embeddable":true,"href":"https:\/\/verpatec.ch\/fr\/wp-json\/wp\/v2\/media\/26588"}],"wp:attachment":[{"href":"https:\/\/verpatec.ch\/fr\/wp-json\/wp\/v2\/media?parent=26563"}],"wp:term":[{"taxonomy":"product_brand","embeddable":true,"href":"https:\/\/verpatec.ch\/fr\/wp-json\/wp\/v2\/product_brand?post=26563"},{"taxonomy":"product_cat","embeddable":true,"href":"https:\/\/verpatec.ch\/fr\/wp-json\/wp\/v2\/product_cat?post=26563"},{"taxonomy":"product_tag","embeddable":true,"href":"https:\/\/verpatec.ch\/fr\/wp-json\/wp\/v2\/product_tag?post=26563"}],"curies":[{"name":"wp","href":"https:\/\/api.w.org\/{rel}","templated":true}]}}