{"id":26560,"date":"2026-02-25T11:07:36","date_gmt":"2026-02-25T10:07:38","guid":{"rendered":"https:\/\/verpatec.ch\/produkt\/crdtabs-30-pcs-for-brick-series-pour-pelican-peli-2\/"},"modified":"2026-02-25T11:07:38","modified_gmt":"2026-02-25T10:07:38","slug":"crdtabs-30-pcs-for-brick-series-pour-pelican-peli-2","status":"publish","type":"product","link":"https:\/\/verpatec.ch\/fr\/produit\/crdtabs-30-pcs-for-brick-series-pour-pelican-peli-2\/","title":{"rendered":"CRDTABS 30 PCS for BRICK Series, pour Pelican \/ Peli"},"content":{"rendered":"","protected":false},"excerpt":{"rendered":"<p>Les CRDTABS Brick sont la solution id\u00e9ale pour \u00e9tiqueter et organiser votre \u00e9quipement. <br \/>Con\u00e7ues pour s'int\u00e9grer parfaitement dans les fen\u00eatres d'\u00e9tiquetage de la s\u00e9rie Brick, ces <br \/>\u00e9tiquettes double faces'adaptent parfaitement aux surfaces noires, blanches et color\u00e9es et <br \/>offrent une polyvalence maximale pour une identification facile. <\/p>\n<p>Contenu : 30 x CRDTABS pour Brick<\/p>\n<p>Sp\u00e9cifications : <br \/>- Conception double face : surfaces noires, blanches et color\u00e9es pour un \u00e9tiquetage personnalis\u00e9<br \/>- Compatibilit\u00e9 parfaite : s'int\u00e8gre parfaitement dans les fen\u00eatres d'\u00e9tiquetage de BRICK (les deux tailles)<br \/>- Organis\u00e9 et facilement accessible : permet de trouver rapidement votre \u00e9quipement, de gagner du temps et d'optimiser les flux de travail<br \/>-Mat\u00e9riau : languettes en carton double face<\/p>\n<p>Couleurs : 4 couleurs \/ arc-en-ciel<br \/>Dimensions : 140 x 55 x 20 mm<br \/>Poids : 54 g<\/p>\n<p>Remarque : non compatible avec CRDPOUCH MKII, Fused Mini, Y-Wrap ou l'ancien mod\u00e8le CRDPOUCH MKI (qui n'est plus disponible \u00e0 la vente).<\/p>\n<p>CRD_ACC_079<\/p>\n","protected":false},"featured_media":26820,"comment_status":"open","ping_status":"closed","template":"","meta":{"inline_featured_image":false},"product_brand":[],"product_cat":[398],"product_tag":[],"class_list":{"0":"post-26560","1":"product","2":"type-product","3":"status-publish","4":"has-post-thumbnail","6":"product_cat-heavy-koffer","7":"product_shipping_class-paquet-postal-1","8":"post-wrapper","10":"first","11":"onbackorder","12":"taxable","13":"shipping-taxable","14":"purchasable","15":"product-type-simple"},"_links":{"self":[{"href":"https:\/\/verpatec.ch\/fr\/wp-json\/wp\/v2\/product\/26560","targetHints":{"allow":["GET"]}}],"collection":[{"href":"https:\/\/verpatec.ch\/fr\/wp-json\/wp\/v2\/product"}],"about":[{"href":"https:\/\/verpatec.ch\/fr\/wp-json\/wp\/v2\/types\/product"}],"replies":[{"embeddable":true,"href":"https:\/\/verpatec.ch\/fr\/wp-json\/wp\/v2\/comments?post=26560"}],"wp:featuredmedia":[{"embeddable":true,"href":"https:\/\/verpatec.ch\/fr\/wp-json\/wp\/v2\/media\/26820"}],"wp:attachment":[{"href":"https:\/\/verpatec.ch\/fr\/wp-json\/wp\/v2\/media?parent=26560"}],"wp:term":[{"taxonomy":"product_brand","embeddable":true,"href":"https:\/\/verpatec.ch\/fr\/wp-json\/wp\/v2\/product_brand?post=26560"},{"taxonomy":"product_cat","embeddable":true,"href":"https:\/\/verpatec.ch\/fr\/wp-json\/wp\/v2\/product_cat?post=26560"},{"taxonomy":"product_tag","embeddable":true,"href":"https:\/\/verpatec.ch\/fr\/wp-json\/wp\/v2\/product_tag?post=26560"}],"curies":[{"name":"wp","href":"https:\/\/api.w.org\/{rel}","templated":true}]}}