{"id":26454,"date":"2026-02-25T10:33:54","date_gmt":"2026-02-25T09:33:55","guid":{"rendered":"https:\/\/verpatec.ch\/produkt\/crdbag-grid-divider-carry-on-expansion-long-noir-pour-pelican-peli\/"},"modified":"2026-03-11T12:03:50","modified_gmt":"2026-03-11T11:03:50","slug":"crdbag-grid-divider-carry-on-expansion-long-noir-pour-pelican-peli","status":"publish","type":"product","link":"https:\/\/verpatec.ch\/fr\/produit\/crdbag-grid-divider-carry-on-expansion-long-noir-pour-pelican-peli\/","title":{"rendered":"CRDBAG Grid-Divider Carry On Expansion Long noir, pour Pelican \/ Peli"},"content":{"rendered":"","protected":false},"excerpt":{"rendered":"<p>\u00c9largissez votre kit universel GRID-DIVIDE Carry On gr\u00e2ce \u00e0 ce kit d'extension pour parois longues. Comprend 3 cloisons compatibles velcro et 8 connecteurs pour des configurations modulaires complexes.<br \/>Id\u00e9al pour les sections pleine largeur, les constructions multicouches ou la connexion fluide de parois courbes et droites.<br \/>Agrandissez votre kit universel Carry-On pour cr\u00e9er des espaces modulaires plus grands. Le kit d'extension \u00ab Long \u00bb comprend 3 cloisons longues (520 mm) et 8 connecteurs pour les sections transversales, les parois courbes ou les grilles pleine largeur.<\/p>\n<p>Sp\u00e9cifications :<br \/>-Mat\u00e9riau : mousse EVA renforc\u00e9e avec tissu velcro d\u00e9coup\u00e9 au laser -et compatibilit\u00e9 MOLLE\/PALS<br \/>-\u00c9tendez les agencements d'un bord \u00e0 l'autre<br \/>-Cr\u00e9ez des configurations plus grandes ou \u00e0 plusieurs zones<br \/>-Compatible avec les parois courtes et courbes<br \/>-Reconfiguration instantan\u00e9e gr\u00e2ce au syst\u00e8me de velcro<\/p>\n<p>Compatibilit\u00e9: kit universel GRID DIVIDE Carry-On<br \/>Dimensions de la paroi: 520x130x9mm<br \/>Dimensions de la cloison: 450x280x30mm<br \/>Dimensions du connecteur: 120 mmx50 mm<br \/>Contenu de la livraison: 3\u00d7 cloisons longues, 8\u00d7 connecteurs<br \/>Poids: 334g<\/p>\n<p>CRD_ACC_073<\/p>\n","protected":false},"featured_media":26639,"comment_status":"open","ping_status":"closed","template":"","meta":{"inline_featured_image":false},"product_brand":[],"product_cat":[398],"product_tag":[],"class_list":{"0":"post-26454","1":"product","2":"type-product","3":"status-publish","4":"has-post-thumbnail","6":"product_cat-heavy-koffer","7":"product_shipping_class-paquet-postal-1","8":"post-wrapper","10":"first","11":"onbackorder","12":"taxable","13":"shipping-taxable","14":"purchasable","15":"product-type-simple"},"_links":{"self":[{"href":"https:\/\/verpatec.ch\/fr\/wp-json\/wp\/v2\/product\/26454","targetHints":{"allow":["GET"]}}],"collection":[{"href":"https:\/\/verpatec.ch\/fr\/wp-json\/wp\/v2\/product"}],"about":[{"href":"https:\/\/verpatec.ch\/fr\/wp-json\/wp\/v2\/types\/product"}],"replies":[{"embeddable":true,"href":"https:\/\/verpatec.ch\/fr\/wp-json\/wp\/v2\/comments?post=26454"}],"wp:featuredmedia":[{"embeddable":true,"href":"https:\/\/verpatec.ch\/fr\/wp-json\/wp\/v2\/media\/26639"}],"wp:attachment":[{"href":"https:\/\/verpatec.ch\/fr\/wp-json\/wp\/v2\/media?parent=26454"}],"wp:term":[{"taxonomy":"product_brand","embeddable":true,"href":"https:\/\/verpatec.ch\/fr\/wp-json\/wp\/v2\/product_brand?post=26454"},{"taxonomy":"product_cat","embeddable":true,"href":"https:\/\/verpatec.ch\/fr\/wp-json\/wp\/v2\/product_cat?post=26454"},{"taxonomy":"product_tag","embeddable":true,"href":"https:\/\/verpatec.ch\/fr\/wp-json\/wp\/v2\/product_tag?post=26454"}],"curies":[{"name":"wp","href":"https:\/\/api.w.org\/{rel}","templated":true}]}}