{"id":26448,"date":"2026-02-25T10:33:45","date_gmt":"2026-02-25T09:33:46","guid":{"rendered":"https:\/\/verpatec.ch\/produkt\/crdbag-grid-divider-carry-on-universal-noir-pour-pelican-peli\/"},"modified":"2026-02-25T10:33:46","modified_gmt":"2026-02-25T09:33:46","slug":"crdbag-grid-divider-carry-on-universal-noir-pour-pelican-peli","status":"publish","type":"product","link":"https:\/\/verpatec.ch\/fr\/produit\/crdbag-grid-divider-carry-on-universal-noir-pour-pelican-peli\/","title":{"rendered":"CRDBAG Grid-Divider Carry On Universal, noir, pour Pelican \/ Peli"},"content":{"rendered":"","protected":false},"excerpt":{"rendered":"<p>CRDBAG Grid-Divide Carry On Universal - convient \u00e0 presque toutes les valises \u00e0 main \u00e0 coque rigide.<br \/>Contrairement aux syst\u00e8mes conventionnels, vous pouvez plier, couper, assembler et reconfigurer GRID DIVIDE sans aucune restriction. <br \/>Gr\u00e2ce aux fermetures velcro, vous pouvez fixer les parois du sol au mur, d'un mur \u00e0 l'autre ou m\u00eame en angle.<\/p>\n<p>Sp\u00e9cifications:<br \/>- Mousse EVA renforc\u00e9e avec tissu velcro d\u00e9coup\u00e9 au laser et <br \/>compatibilit\u00e9 MOLLE\/PALS.<br \/>- Gr\u00e2ce \u00e0 sa mousse EVA l\u00e9g\u00e8re recouverte d'un tissu velcro d\u00e9coup\u00e9 avec pr\u00e9cision, GRID DIVIDE s'associe parfaitement <br \/>aux accessoires MOLLE\/PALS, aux patchs CRDBAG et aux poches.<br \/>- Ajustement solide qui reste en place<br \/>- Parois courb\u00e9es pour former des U, des S et des O<br \/>- Flexible et r\u00e9utilisable - aucune d\u00e9coupe n\u00e9cessaire, sauf si vous le souhaitez<br \/>- 8 connecteurs pour des combinaisons illimit\u00e9es<br \/>- Compatible avec les syst\u00e8mes GRID-LID, CRDPOUCH et BRICK<br \/>- Con\u00e7u pour les mod\u00e8les de bagages \u00e0 main Peli\/Peli<\/p>\n<p>Le kit universel GRID-DIVIDE Carry On comprend des panneaux \u00e0 boucles d\u00e9coup\u00e9s au laser, <br \/>des parois en EVA doubl\u00e9es de Nylex pouvant \u00eatre utilis\u00e9es droites ou courb\u00e9es, et des fermetures velcro permettant une <br \/>reconfiguration infinie. Con\u00e7u pour s'utiliser de mani\u00e8re transparente avec les s\u00e9ries GRID LID et CRDPOUCH.<\/p>\n<p>Valises compatibles : Peli\/Peli 1510, 1535, V525, iM2500 Storm<br \/>Dimensions: 530\u00d7300mm<br \/>Longueur de la paroi int\u00e9rieure: 300mm<br \/>Contenu de la livraison: 1 plaque de fond, 3 parois int\u00e9rieures (300mm), 8 fermetures velcro en instance de brevet<br \/>Poids: 1100g<\/p>\n<p>CRD_ACC_066<\/p>\n","protected":false},"featured_media":26627,"comment_status":"open","ping_status":"closed","template":"","meta":{"inline_featured_image":false},"product_brand":[],"product_cat":[398],"product_tag":[],"class_list":{"0":"post-26448","1":"product","2":"type-product","3":"status-publish","4":"has-post-thumbnail","6":"product_cat-heavy-koffer","7":"product_shipping_class-paquet-postal-1","8":"post-wrapper","10":"first","11":"onbackorder","12":"taxable","13":"shipping-taxable","14":"purchasable","15":"product-type-simple"},"_links":{"self":[{"href":"https:\/\/verpatec.ch\/fr\/wp-json\/wp\/v2\/product\/26448","targetHints":{"allow":["GET"]}}],"collection":[{"href":"https:\/\/verpatec.ch\/fr\/wp-json\/wp\/v2\/product"}],"about":[{"href":"https:\/\/verpatec.ch\/fr\/wp-json\/wp\/v2\/types\/product"}],"replies":[{"embeddable":true,"href":"https:\/\/verpatec.ch\/fr\/wp-json\/wp\/v2\/comments?post=26448"}],"wp:featuredmedia":[{"embeddable":true,"href":"https:\/\/verpatec.ch\/fr\/wp-json\/wp\/v2\/media\/26627"}],"wp:attachment":[{"href":"https:\/\/verpatec.ch\/fr\/wp-json\/wp\/v2\/media?parent=26448"}],"wp:term":[{"taxonomy":"product_brand","embeddable":true,"href":"https:\/\/verpatec.ch\/fr\/wp-json\/wp\/v2\/product_brand?post=26448"},{"taxonomy":"product_cat","embeddable":true,"href":"https:\/\/verpatec.ch\/fr\/wp-json\/wp\/v2\/product_cat?post=26448"},{"taxonomy":"product_tag","embeddable":true,"href":"https:\/\/verpatec.ch\/fr\/wp-json\/wp\/v2\/product_tag?post=26448"}],"curies":[{"name":"wp","href":"https:\/\/api.w.org\/{rel}","templated":true}]}}