{"id":26442,"date":"2026-02-25T10:33:37","date_gmt":"2026-02-25T09:33:38","guid":{"rendered":"https:\/\/verpatec.ch\/produkt\/crdbag-grid-lid-bundle-01-noir-pour-pelican-peli\/"},"modified":"2026-02-25T10:33:38","modified_gmt":"2026-02-25T09:33:38","slug":"crdbag-grid-lid-bundle-01-noir-pour-pelican-peli","status":"publish","type":"product","link":"https:\/\/verpatec.ch\/fr\/produit\/crdbag-grid-lid-bundle-01-noir-pour-pelican-peli\/","title":{"rendered":"CRDBAG GRID-LID BUNDLE 01, noir, pour Pelican \/ Peli"},"content":{"rendered":"","protected":false},"excerpt":{"rendered":"<p>Id\u00e9al pour les professionnels du cin\u00e9ma, de la photographie et des domaines techniques, le Grid-Lid Bundle 01 permet de garder votre \u00e9quipement organis\u00e9, \u00e0 port\u00e9e de main et en s\u00e9curit\u00e9.<\/p>\n<p>Optimisez le potentiel de votre valise rigide \u00e0 main gr\u00e2ce au Grid-Lid Bundle 01, le syst\u00e8me d'organisation de couvercle ultime <br \/>pour les professionnels. Dot\u00e9 d'un motif MOLLE d\u00e9coup\u00e9 au laser dans un mat\u00e9riau \u00e0 boucles en nylon r\u00e9sistant, le GRID-LID est compatible avec les syst\u00e8mes MOLLE et Velcro,<br \/> ce qui vous permet de monter, d'\u00e9tendre et de reconfigurer votre \u00e9quipement sans effort. Il a \u00e9t\u00e9 con\u00e7u pour s'int\u00e9grer parfaitement au CRDPOUCH MKII <br \/>et le Fused Mini, offrant une polyvalence in\u00e9gal\u00e9e. Le CRDPOUCH MKII s'int\u00e8gre parfaitement au Maglock MOLLE et permet de <br \/>fixer et de retirer les pochettes en quelques secondes. Le Fused Mini peut \u00eatre fix\u00e9 au choix \u00e0 l'aide de boucles Hook and Loop ou MOLLE, offrant ainsi une flexibilit\u00e9 maximale.<\/p>\n<p>Sp\u00e9cifications :<br \/>- Int\u00e9gration transparente : compatible avec le syst\u00e8me MOLLE\/PALS<br \/>- Nanuk : 935<br \/>- HPRC : 2550W<br \/>- Compatibilit\u00e9 parfaite : id\u00e9al pour CRDPOUCH MKII Small, CRDBAG, Fused Mini et divers articles \u00e0 velcro<br \/>- SKB : 2011<br \/>- TAF CASE : 501M<br \/>- B&amp;W : Outdoor Type 6700<\/p>\n<p>Con\u00e7u pour : <br \/>-Peli 1510<br \/>-Peli 1535 Air<br \/>-Peli VAULT V525<\/p>\n<p>Compatible avec : <br \/>-Peli 1750<br \/>-Peli 1755<br \/>-Peli VAULT V800<\/p>\n<p>Dimensions : 560 x 3400 x 90 mm<br \/>Contenu de la livraison : 2 x CRDBAG Fused Mini, 2 x CRDPOUCH Organizer Bag Small, 2 x Maglock MOLLE 2-Pack, 1 x Grid-Lid Carry-On, 1 x LED Torch, 1 x Grid-Lid Light Lock<br \/>Fixation : fermeture velcro avec surface adh\u00e9sive 3M<br \/>Poids : 1900 g<\/p>\n<p>CRD_BUN_062<\/p>\n","protected":false},"featured_media":26612,"comment_status":"open","ping_status":"closed","template":"","meta":{"inline_featured_image":false},"product_brand":[],"product_cat":[398],"product_tag":[],"class_list":{"0":"post-26442","1":"product","2":"type-product","3":"status-publish","4":"has-post-thumbnail","6":"product_cat-heavy-koffer","7":"product_shipping_class-paquet-postal-1","8":"post-wrapper","10":"first","11":"onbackorder","12":"taxable","13":"shipping-taxable","14":"purchasable","15":"product-type-simple"},"_links":{"self":[{"href":"https:\/\/verpatec.ch\/fr\/wp-json\/wp\/v2\/product\/26442","targetHints":{"allow":["GET"]}}],"collection":[{"href":"https:\/\/verpatec.ch\/fr\/wp-json\/wp\/v2\/product"}],"about":[{"href":"https:\/\/verpatec.ch\/fr\/wp-json\/wp\/v2\/types\/product"}],"replies":[{"embeddable":true,"href":"https:\/\/verpatec.ch\/fr\/wp-json\/wp\/v2\/comments?post=26442"}],"wp:featuredmedia":[{"embeddable":true,"href":"https:\/\/verpatec.ch\/fr\/wp-json\/wp\/v2\/media\/26612"}],"wp:attachment":[{"href":"https:\/\/verpatec.ch\/fr\/wp-json\/wp\/v2\/media?parent=26442"}],"wp:term":[{"taxonomy":"product_brand","embeddable":true,"href":"https:\/\/verpatec.ch\/fr\/wp-json\/wp\/v2\/product_brand?post=26442"},{"taxonomy":"product_cat","embeddable":true,"href":"https:\/\/verpatec.ch\/fr\/wp-json\/wp\/v2\/product_cat?post=26442"},{"taxonomy":"product_tag","embeddable":true,"href":"https:\/\/verpatec.ch\/fr\/wp-json\/wp\/v2\/product_tag?post=26442"}],"curies":[{"name":"wp","href":"https:\/\/api.w.org\/{rel}","templated":true}]}}