{"id":26436,"date":"2026-02-25T10:33:27","date_gmt":"2026-02-25T09:33:28","guid":{"rendered":"https:\/\/verpatec.ch\/produkt\/crdbag-y-wrap-medium-noir-pour-pelican-peli-2\/"},"modified":"2026-02-25T10:33:28","modified_gmt":"2026-02-25T09:33:28","slug":"crdbag-y-wrap-medium-noir-pour-pelican-peli-2","status":"publish","type":"product","link":"https:\/\/verpatec.ch\/fr\/produit\/crdbag-y-wrap-medium-noir-pour-pelican-peli-2\/","title":{"rendered":"CRDBAG Y-WRAP MEDIUM, noir, pour Pelican \/ Peli"},"content":{"rendered":"","protected":false},"excerpt":{"rendered":"<p>Le CRDBAB Y-Wrap Medium est la solution ultime pour les professionnels qui recherchent une protection, une organisation et une facilit\u00e9 d'utilisation in\u00e9gal\u00e9es pour leur pr\u00e9cieux <br \/>\u00e9quipement. Trois fermetures et un cordon \u00e9lastique fonctionnent ensemble pour maintenir l'\u00e9quipement en place en toute s\u00e9curit\u00e9. Les trois coins <br \/>sont repli\u00e9s vers l'int\u00e9rieur et fix\u00e9s \u00e0 l'aide des fermetures, de la poche \u00e9lastique et du cordon \u00e9lastique. Un compartiment transparent sert <br \/>\u00e0 ranger les cartes d'\u00e9tiquetage, tandis qu'une bande Velcro permet de fixer des \u00e9tiquettes.<\/p>\n<p>Contenu de la livraison : <br \/>Fixation : fermeture Velcro avec surface adh\u00e9sive 3M.<\/p>\n<p>Sp\u00e9cifications :<br \/>Doublure int\u00e9rieure protectrice et rembourr\u00e9e en microfibre (prot\u00e8ge l'objectif de la poussi\u00e8re et des rayures, peut \u00e9galement \u00eatre utilis\u00e9e pour le bo\u00eetier de l'appareil photo)<br \/>Mat\u00e9riau ext\u00e9rieur robuste en nylon ripstop<br \/>Sangle en spandex pour un maintien s\u00fbr<br \/>Fen\u00eatre d'\u00e9tiquetage int\u00e9gr\u00e9e<br \/>Ruban adh\u00e9sif pour autocollants<br \/>Cordon \u00e9lastique pour une fermeture s\u00fbre<br \/>Instructions de pliage claires pour une utilisation facile<br \/>Conception pliable avec 3 fermetures<br \/>Poche \u00e9lastique avec cordon de serrage<br \/>Poche d'identification transparente \u00e0 l'ext\u00e9rieur<br \/>Surface velcro pour les \u00e9tiquettes adh\u00e9sives<\/p>\n<p>Dimensions : 300 x 155 x 50 mm <br \/>Poids : 154 g<\/p>\n<p>CRD_WRP_002<\/p>\n","protected":false},"featured_media":26579,"comment_status":"open","ping_status":"closed","template":"","meta":{"inline_featured_image":false},"product_brand":[],"product_cat":[398],"product_tag":[],"class_list":{"0":"post-26436","1":"product","2":"type-product","3":"status-publish","4":"has-post-thumbnail","6":"product_cat-heavy-koffer","7":"product_shipping_class-paquet-postal-1","8":"post-wrapper","10":"first","11":"onbackorder","12":"taxable","13":"shipping-taxable","14":"purchasable","15":"product-type-simple"},"_links":{"self":[{"href":"https:\/\/verpatec.ch\/fr\/wp-json\/wp\/v2\/product\/26436","targetHints":{"allow":["GET"]}}],"collection":[{"href":"https:\/\/verpatec.ch\/fr\/wp-json\/wp\/v2\/product"}],"about":[{"href":"https:\/\/verpatec.ch\/fr\/wp-json\/wp\/v2\/types\/product"}],"replies":[{"embeddable":true,"href":"https:\/\/verpatec.ch\/fr\/wp-json\/wp\/v2\/comments?post=26436"}],"wp:featuredmedia":[{"embeddable":true,"href":"https:\/\/verpatec.ch\/fr\/wp-json\/wp\/v2\/media\/26579"}],"wp:attachment":[{"href":"https:\/\/verpatec.ch\/fr\/wp-json\/wp\/v2\/media?parent=26436"}],"wp:term":[{"taxonomy":"product_brand","embeddable":true,"href":"https:\/\/verpatec.ch\/fr\/wp-json\/wp\/v2\/product_brand?post=26436"},{"taxonomy":"product_cat","embeddable":true,"href":"https:\/\/verpatec.ch\/fr\/wp-json\/wp\/v2\/product_cat?post=26436"},{"taxonomy":"product_tag","embeddable":true,"href":"https:\/\/verpatec.ch\/fr\/wp-json\/wp\/v2\/product_tag?post=26436"}],"curies":[{"name":"wp","href":"https:\/\/api.w.org\/{rel}","templated":true}]}}