{"id":26427,"date":"2026-02-25T10:33:14","date_gmt":"2026-02-25T09:33:15","guid":{"rendered":"https:\/\/verpatec.ch\/produkt\/crdbag-molle-sangle-elastique-2-pcs-noir-pour-pelican-peli\/"},"modified":"2026-02-25T10:33:15","modified_gmt":"2026-02-25T09:33:15","slug":"crdbag-molle-sangle-elastique-2-pcs-noir-pour-pelican-peli","status":"publish","type":"product","link":"https:\/\/verpatec.ch\/fr\/produit\/crdbag-molle-sangle-elastique-2-pcs-noir-pour-pelican-peli\/","title":{"rendered":"CRDBAG Molle Sangle \u00e9lastique 2 PCS, noir, pour Pelican \/ Peli"},"content":{"rendered":"","protected":false},"excerpt":{"rendered":"<p>S\u00e9curisez votre CRDPOUCH comme jamais auparavant gr\u00e2ce \u00e0 notre lot de 2 sangles \u00e9lastiques Molle. <br \/>Ces bandes \u00e9lastiques sont livr\u00e9es avec deux attaches, ce qui permet de les fixer facilement \u00e0 n'importe <br \/>quelle surface MOLLE ou \u00e0 notre syst\u00e8me GRID-LID exclusif que l'on trouve sur les couvercles de nos valises rigides. <br \/>Il suffit de fixer les sangles au panneau MOLLE et de les \u00e9tirer sur votre CRDPOUCH pour le maintenir fermement en place.<\/p>\n<p>Compatibles avec les quatre tailles de CRDPOUCH, ces sangles offrent une s\u00e9curit\u00e9 et une commodit\u00e9 suppl\u00e9mentaires pour <br \/>vos besoins en mati\u00e8re d'organisation de votre \u00e9quipement. <\/p>\n<p>Caract\u00e9ristiques : <br \/>-Sangles \u00e9lastiques pour un maintien s\u00fbr <br \/>-Compatibles avec les surfaces MOLLE et GRID-LID <br \/>-Compatible avec toutes les tailles de CRDPOUCH<br \/>-Facile \u00e0 fixer et \u00e0 ajuster<br \/>-Mat\u00e9riau : \u00e9lastique avec boucle Velcro<br \/>-Compatibilit\u00e9 : con\u00e7u pour les syst\u00e8mes MOLLE\/PALS et les configurations GRID-LID<\/p>\n<p>Contenu : comprend 2 sangles<\/p>\n<p>Dimensions :130 x 150 x 15 mm <br \/>Poids :35 g<\/p>\n<p>CRD_ACC_061<\/p>\n","protected":false},"featured_media":26510,"comment_status":"open","ping_status":"closed","template":"","meta":{"inline_featured_image":false},"product_brand":[],"product_cat":[398],"product_tag":[],"class_list":{"0":"post-26427","1":"product","2":"type-product","3":"status-publish","4":"has-post-thumbnail","6":"product_cat-heavy-koffer","7":"product_shipping_class-paquet-postal-1","8":"post-wrapper","10":"first","11":"onbackorder","12":"taxable","13":"shipping-taxable","14":"purchasable","15":"product-type-simple"},"_links":{"self":[{"href":"https:\/\/verpatec.ch\/fr\/wp-json\/wp\/v2\/product\/26427","targetHints":{"allow":["GET"]}}],"collection":[{"href":"https:\/\/verpatec.ch\/fr\/wp-json\/wp\/v2\/product"}],"about":[{"href":"https:\/\/verpatec.ch\/fr\/wp-json\/wp\/v2\/types\/product"}],"replies":[{"embeddable":true,"href":"https:\/\/verpatec.ch\/fr\/wp-json\/wp\/v2\/comments?post=26427"}],"wp:featuredmedia":[{"embeddable":true,"href":"https:\/\/verpatec.ch\/fr\/wp-json\/wp\/v2\/media\/26510"}],"wp:attachment":[{"href":"https:\/\/verpatec.ch\/fr\/wp-json\/wp\/v2\/media?parent=26427"}],"wp:term":[{"taxonomy":"product_brand","embeddable":true,"href":"https:\/\/verpatec.ch\/fr\/wp-json\/wp\/v2\/product_brand?post=26427"},{"taxonomy":"product_cat","embeddable":true,"href":"https:\/\/verpatec.ch\/fr\/wp-json\/wp\/v2\/product_cat?post=26427"},{"taxonomy":"product_tag","embeddable":true,"href":"https:\/\/verpatec.ch\/fr\/wp-json\/wp\/v2\/product_tag?post=26427"}],"curies":[{"name":"wp","href":"https:\/\/api.w.org\/{rel}","templated":true}]}}