{"id":26424,"date":"2026-02-25T10:33:10","date_gmt":"2026-02-25T09:33:11","guid":{"rendered":"https:\/\/verpatec.ch\/produkt\/crdbag-maglock-molle-vert-armee-2-pcs-pour-pelican-peli\/"},"modified":"2026-02-25T10:33:11","modified_gmt":"2026-02-25T09:33:11","slug":"crdbag-maglock-molle-vert-armee-2-pcs-pour-pelican-peli","status":"publish","type":"product","link":"https:\/\/verpatec.ch\/fr\/produit\/crdbag-maglock-molle-vert-armee-2-pcs-pour-pelican-peli\/","title":{"rendered":"CRDBAG Maglock MOLLE Vert Arm\u00e9e 2 PCS, pour Pelican \/ Peli"},"content":{"rendered":"","protected":false},"excerpt":{"rendered":"<p>D\u00e9couvrez une mobilit\u00e9 et une flexibilit\u00e9 in\u00e9gal\u00e9es gr\u00e2ce \u00e0 la boucle Maglock MOLLE, <br \/>la mise \u00e0 niveau ultime pour votre syst\u00e8me MOLLE\/PALS. Con\u00e7ue avec un m\u00e9canisme <br \/>de verrouillage magn\u00e9tique brevet\u00e9 et fabriqu\u00e9e en nylon renforc\u00e9 de fibres, elle offre <br \/>une fixation et un d\u00e9tachement rapides et s\u00fbrs, vous permettant de vous adapter <br \/>parfaitement \u00e0 chaque situation.<\/p>\n<p>Parfaitement compatible avec toutes les tailles de CRDPOUCH MKII, l'adaptateur PALS\/MOLLE et le GRID-LID, <br \/>la boucle Maglock MOLLE am\u00e9liore la polyvalence et l'efficacit\u00e9 de l'organisation de votre \u00e9quipement.<\/p>\n<p>Sp\u00e9cification :<br \/>-Mat\u00e9riaux : PA (polyamide) renforc\u00e9 de fibre de verre<br \/>-Fermeture magn\u00e9tique pour une fixation rapide et s\u00fbre.<br \/>-\u00c0 utiliser par paire pour plus de redondance et de s\u00e9curit\u00e9<br \/>- La structure en nylon renforc\u00e9 de fibres peut supporter jusqu'\u00e0 10 kg (22 lbs) \u00e0 l'horizontale.<br \/>- Taille de l'emballage : comprend 2 Maglock<\/p>\n<p>Dimensions:120x90x25mm <br \/>Poids : 74 g<\/p>\n<p>CRD_ACC_055<\/p>\n","protected":false},"featured_media":26492,"comment_status":"open","ping_status":"closed","template":"","meta":{"inline_featured_image":false},"product_brand":[],"product_cat":[398],"product_tag":[],"class_list":{"0":"post-26424","1":"product","2":"type-product","3":"status-publish","4":"has-post-thumbnail","6":"product_cat-heavy-koffer","7":"product_shipping_class-paquet-postal-1","8":"post-wrapper","10":"first","11":"onbackorder","12":"taxable","13":"shipping-taxable","14":"purchasable","15":"product-type-simple"},"_links":{"self":[{"href":"https:\/\/verpatec.ch\/fr\/wp-json\/wp\/v2\/product\/26424","targetHints":{"allow":["GET"]}}],"collection":[{"href":"https:\/\/verpatec.ch\/fr\/wp-json\/wp\/v2\/product"}],"about":[{"href":"https:\/\/verpatec.ch\/fr\/wp-json\/wp\/v2\/types\/product"}],"replies":[{"embeddable":true,"href":"https:\/\/verpatec.ch\/fr\/wp-json\/wp\/v2\/comments?post=26424"}],"wp:featuredmedia":[{"embeddable":true,"href":"https:\/\/verpatec.ch\/fr\/wp-json\/wp\/v2\/media\/26492"}],"wp:attachment":[{"href":"https:\/\/verpatec.ch\/fr\/wp-json\/wp\/v2\/media?parent=26424"}],"wp:term":[{"taxonomy":"product_brand","embeddable":true,"href":"https:\/\/verpatec.ch\/fr\/wp-json\/wp\/v2\/product_brand?post=26424"},{"taxonomy":"product_cat","embeddable":true,"href":"https:\/\/verpatec.ch\/fr\/wp-json\/wp\/v2\/product_cat?post=26424"},{"taxonomy":"product_tag","embeddable":true,"href":"https:\/\/verpatec.ch\/fr\/wp-json\/wp\/v2\/product_tag?post=26424"}],"curies":[{"name":"wp","href":"https:\/\/api.w.org\/{rel}","templated":true}]}}