{"id":26298,"date":"2026-02-25T09:23:35","date_gmt":"2026-02-25T08:23:37","guid":{"rendered":"https:\/\/verpatec.ch\/produkt\/crdbag-misc-patches-02-pour-pelican-peli\/"},"modified":"2026-02-25T09:23:37","modified_gmt":"2026-02-25T08:23:37","slug":"crdbag-misc-patches-02-pour-pelican-peli","status":"publish","type":"product","link":"https:\/\/verpatec.ch\/fr\/produit\/crdbag-misc-patches-02-pour-pelican-peli\/","title":{"rendered":"CRDBAG Misc Patches 02, pour Pelican \/ Peli"},"content":{"rendered":"","protected":false},"excerpt":{"rendered":"<p>Les patchs Misc 02 ont \u00e9t\u00e9 d\u00e9velopp\u00e9s pour une identification transparente et une organisation efficace de votre \u00e9quipement. <br \/>Avec leur broderie professionnelle et leur fixation s\u00e9curis\u00e9e, ces patchs sont un outil fiable pour les professionnels qui exigent <br \/>fonctionnalit\u00e9 et durabilit\u00e9. <\/p>\n<p>Cet ensemble comprend une vari\u00e9t\u00e9 de patchs \u00e9tiquet\u00e9s pour optimiser le flux de travail gr\u00e2ce \u00e0 un code <br \/>couleur et un marquage clair. Gagnez du temps et gardez une vue d'ensemble pour garantir un acc\u00e8s rapide \u00e0 l'\u00e9quipement n\u00e9cessaire. <\/p>\n<p>Parfaitement compatibles avec le CRDPOUCH MKII, le Fused Mini, le Brick et le Y-Wrap,ces patchs sont un \u00e9l\u00e9ment indispensable de votre syst\u00e8me d'organisation. <\/p>\n<p>Remarque : les inscriptions sur les patchs sont en anglais. <\/p>\n<p>Dimensions des patchs : <br \/>80 x 28 mm  <br \/>55 x 28 mm <br \/>28 x 28 mm <\/p>\n<p>Patchs inclus : <br \/>-AKS<br \/>-SOUND<br \/>-LIGHT<br \/>-MIC<br \/>-GRIP<br \/>-DRONE<br \/>-SDI<br \/>-STORAGE<br \/>-TIMECODE<br \/>-LENS<br \/>-HDMI<br \/>-SNACKS<br \/>-3 x ROSA ICON<br \/>-3 x GR\u00dcN ICON<br \/>-3 x BLAU ICON<\/p>\n<p>Dimensions : 290 x 200 x 10 mm<br \/>Poids : 98 g<\/p>\n<p>CRD_ACC_004<\/p>\n","protected":false},"featured_media":26383,"comment_status":"open","ping_status":"closed","template":"","meta":{"inline_featured_image":false},"product_brand":[],"product_cat":[398],"product_tag":[],"class_list":{"0":"post-26298","1":"product","2":"type-product","3":"status-publish","4":"has-post-thumbnail","6":"product_cat-heavy-koffer","7":"product_shipping_class-paquet-postal-1","8":"post-wrapper","10":"first","11":"onbackorder","12":"taxable","13":"shipping-taxable","14":"purchasable","15":"product-type-simple"},"_links":{"self":[{"href":"https:\/\/verpatec.ch\/fr\/wp-json\/wp\/v2\/product\/26298","targetHints":{"allow":["GET"]}}],"collection":[{"href":"https:\/\/verpatec.ch\/fr\/wp-json\/wp\/v2\/product"}],"about":[{"href":"https:\/\/verpatec.ch\/fr\/wp-json\/wp\/v2\/types\/product"}],"replies":[{"embeddable":true,"href":"https:\/\/verpatec.ch\/fr\/wp-json\/wp\/v2\/comments?post=26298"}],"wp:featuredmedia":[{"embeddable":true,"href":"https:\/\/verpatec.ch\/fr\/wp-json\/wp\/v2\/media\/26383"}],"wp:attachment":[{"href":"https:\/\/verpatec.ch\/fr\/wp-json\/wp\/v2\/media?parent=26298"}],"wp:term":[{"taxonomy":"product_brand","embeddable":true,"href":"https:\/\/verpatec.ch\/fr\/wp-json\/wp\/v2\/product_brand?post=26298"},{"taxonomy":"product_cat","embeddable":true,"href":"https:\/\/verpatec.ch\/fr\/wp-json\/wp\/v2\/product_cat?post=26298"},{"taxonomy":"product_tag","embeddable":true,"href":"https:\/\/verpatec.ch\/fr\/wp-json\/wp\/v2\/product_tag?post=26298"}],"curies":[{"name":"wp","href":"https:\/\/api.w.org\/{rel}","templated":true}]}}