{"id":26280,"date":"2026-02-25T09:23:08","date_gmt":"2026-02-25T08:23:10","guid":{"rendered":"https:\/\/verpatec.ch\/produkt\/crdpouch-mkii-l-noir-pour-pelican-pel\/"},"modified":"2026-02-25T09:23:10","modified_gmt":"2026-02-25T08:23:10","slug":"crdpouch-mkii-l-noir-pour-pelican-pel","status":"publish","type":"product","link":"https:\/\/verpatec.ch\/fr\/produit\/crdpouch-mkii-l-noir-pour-pelican-pel\/","title":{"rendered":"CRDPOUCH MKII L noir, pour Pelican \/ Pel"},"content":{"rendered":"","protected":false},"excerpt":{"rendered":"<p>Pochette de rangement pour \u00e9quipement avec fen\u00eatre transparente en TPU 0,8 mil r\u00e9sistant aux pliures. Surface velcro \u00e0 l'avant et \u00e9tiquette lat\u00e9rale en Hypalon pour une broderie personnalis\u00e9e. <br \/>Bande velcro<br \/>Bande de fixation Pals \u00e0 l'arri\u00e8re<br \/>Fen\u00eatre transparente pour \u00e9tiquettes<br \/>Tissu maill\u00e9 transparent \u00e0 l'avant<br \/>Fermeture \u00e9clair YKK r\u00e9sistante aux intemp\u00e9ries<br \/>Poche int\u00e9rieure zipp\u00e9e pour une meilleure organisation<br \/>Poche sur mesure pour Apple AirTag<br \/>Crochet tactique<br \/>Sangle compatible MOLLE\/PALS \u00e0 l'arri\u00e8re pour de multiples options de fixation.<\/p>\n<p>Dimensions : 335x225x30mm<br \/>Poids: 222g<\/p>\n<p>Le CRDPOUCH MKII Large est un sac polyvalent et bien pens\u00e9, id\u00e9al pour organiser et ranger votre \u00e9quipement photographique.<br \/>Gardez votre \u00e9quipement bien rang\u00e9, gagnez du temps lors du rangement et du d\u00e9ballage et prot\u00e9gez-le de l'usure. <\/p>\n<p>Remarque : les patchs et les languettes ne sont pas inclus et doivent \u00eatre achet\u00e9s s\u00e9par\u00e9ment.<\/p>\n<p>CRD_POU_003<\/p>\n","protected":false},"featured_media":26272,"comment_status":"open","ping_status":"closed","template":"","meta":{"inline_featured_image":false},"product_brand":[],"product_cat":[398],"product_tag":[],"class_list":{"0":"post-26280","1":"product","2":"type-product","3":"status-publish","4":"has-post-thumbnail","6":"product_cat-heavy-koffer","7":"product_shipping_class-paquet-postal-1","8":"post-wrapper","10":"first","11":"onbackorder","12":"taxable","13":"shipping-taxable","14":"purchasable","15":"product-type-simple"},"_links":{"self":[{"href":"https:\/\/verpatec.ch\/fr\/wp-json\/wp\/v2\/product\/26280","targetHints":{"allow":["GET"]}}],"collection":[{"href":"https:\/\/verpatec.ch\/fr\/wp-json\/wp\/v2\/product"}],"about":[{"href":"https:\/\/verpatec.ch\/fr\/wp-json\/wp\/v2\/types\/product"}],"replies":[{"embeddable":true,"href":"https:\/\/verpatec.ch\/fr\/wp-json\/wp\/v2\/comments?post=26280"}],"wp:featuredmedia":[{"embeddable":true,"href":"https:\/\/verpatec.ch\/fr\/wp-json\/wp\/v2\/media\/26272"}],"wp:attachment":[{"href":"https:\/\/verpatec.ch\/fr\/wp-json\/wp\/v2\/media?parent=26280"}],"wp:term":[{"taxonomy":"product_brand","embeddable":true,"href":"https:\/\/verpatec.ch\/fr\/wp-json\/wp\/v2\/product_brand?post=26280"},{"taxonomy":"product_cat","embeddable":true,"href":"https:\/\/verpatec.ch\/fr\/wp-json\/wp\/v2\/product_cat?post=26280"},{"taxonomy":"product_tag","embeddable":true,"href":"https:\/\/verpatec.ch\/fr\/wp-json\/wp\/v2\/product_tag?post=26280"}],"curies":[{"name":"wp","href":"https:\/\/api.w.org\/{rel}","templated":true}]}}