{"id":26253,"date":"2026-02-25T08:55:37","date_gmt":"2026-02-25T07:55:39","guid":{"rendered":"https:\/\/verpatec.ch\/produkt\/crdpouch-mkii-m-noir-pour-pelican-peli\/"},"modified":"2026-02-25T08:55:39","modified_gmt":"2026-02-25T07:55:39","slug":"crdpouch-mkii-m-noir-pour-pelican-peli","status":"publish","type":"product","link":"https:\/\/verpatec.ch\/fr\/produit\/crdpouch-mkii-m-noir-pour-pelican-peli\/","title":{"rendered":"CRDPOUCH MKII M, noir, pour Pelican \/ Peli"},"content":{"rendered":"","protected":false},"excerpt":{"rendered":"<p>Pochette de rangement pour \u00e9quipement avec fen\u00eatre transparente en TPU 0,8 mil r\u00e9sistant aux pliures. Surface velcro \u00e0 l'avant et \u00e9tiquette lat\u00e9rale en Hypalon pour une broderie personnalis\u00e9e. <br \/>Bande velcro<br \/>Bande de fixation Pals \u00e0 l'arri\u00e8re<br \/>Fen\u00eatre transparente pour \u00e9tiquettes<br \/>Tissu maill\u00e9 transparent \u00e0 l'avant<br \/>Fermeture \u00e9clair YKK r\u00e9sistante aux intemp\u00e9ries<br \/>Poche int\u00e9rieure zipp\u00e9e pour une meilleure organisation<br \/>Poche sur mesure pour Apple AirTag<br \/>Crochet tactique<br \/>Sangle compatible MOLLE\/PALS \u00e0 l'arri\u00e8re pour de multiples options de fixation.<\/p>\n<p>Dimensions : 275x180x30mm<br \/>Poids: 168g<\/p>\n<p>La CRDPOUCH MKII Medium est une pochette polyvalente et bien con\u00e7ue, parfaite pour organiser et transporter votre mat\u00e9riel photographique. <br \/>Gardez votre \u00e9quipement bien rang\u00e9, gagnez du temps lors du rangement et du d\u00e9ballage, et \u00e9vitez l'usure. Fabriqu\u00e9e \u00e0 partir de mat\u00e9riaux de haute qualit\u00e9<br \/>avec un ext\u00e9rieur sans couture, la CRDPOUCH red\u00e9finit l'organisation moderne du mat\u00e9riel.<\/p>\n<p>Remarque : les patchs et les languettes ne sont pas inclus et doivent \u00eatre achet\u00e9s s\u00e9par\u00e9ment.<\/p>\n<p>CRD_POU_002<\/p>\n","protected":false},"featured_media":26272,"comment_status":"open","ping_status":"closed","template":"","meta":{"inline_featured_image":false},"product_brand":[],"product_cat":[],"product_tag":[],"class_list":{"0":"post-26253","1":"product","2":"type-product","3":"status-publish","4":"has-post-thumbnail","6":"product_shipping_class-paquet-postal-1","7":"post-wrapper","9":"first","10":"onbackorder","11":"taxable","12":"shipping-taxable","13":"purchasable","14":"product-type-simple"},"_links":{"self":[{"href":"https:\/\/verpatec.ch\/fr\/wp-json\/wp\/v2\/product\/26253","targetHints":{"allow":["GET"]}}],"collection":[{"href":"https:\/\/verpatec.ch\/fr\/wp-json\/wp\/v2\/product"}],"about":[{"href":"https:\/\/verpatec.ch\/fr\/wp-json\/wp\/v2\/types\/product"}],"replies":[{"embeddable":true,"href":"https:\/\/verpatec.ch\/fr\/wp-json\/wp\/v2\/comments?post=26253"}],"wp:featuredmedia":[{"embeddable":true,"href":"https:\/\/verpatec.ch\/fr\/wp-json\/wp\/v2\/media\/26272"}],"wp:attachment":[{"href":"https:\/\/verpatec.ch\/fr\/wp-json\/wp\/v2\/media?parent=26253"}],"wp:term":[{"taxonomy":"product_brand","embeddable":true,"href":"https:\/\/verpatec.ch\/fr\/wp-json\/wp\/v2\/product_brand?post=26253"},{"taxonomy":"product_cat","embeddable":true,"href":"https:\/\/verpatec.ch\/fr\/wp-json\/wp\/v2\/product_cat?post=26253"},{"taxonomy":"product_tag","embeddable":true,"href":"https:\/\/verpatec.ch\/fr\/wp-json\/wp\/v2\/product_tag?post=26253"}],"curies":[{"name":"wp","href":"https:\/\/api.w.org\/{rel}","templated":true}]}}