{"id":25945,"date":"2025-12-17T10:49:30","date_gmt":"2025-12-17T09:49:31","guid":{"rendered":"https:\/\/verpatec.ch\/produkt\/garniture-de-mousse-a-pincer-t51-mousse-predecoupee-t51\/"},"modified":"2026-04-08T10:33:52","modified_gmt":"2026-04-08T08:33:52","slug":"garniture-de-mousse-a-pincer-t51-mousse-predecoupee-t51","status":"publish","type":"product","link":"https:\/\/verpatec.ch\/fr\/produit\/garniture-de-mousse-a-pincer-t51-mousse-predecoupee-t51\/","title":{"rendered":"Garniture de mousse \u00e0 pincer T51 \/ mousse pr\u00e9d\u00e9coup\u00e9e T51"},"content":{"rendered":"","protected":false},"excerpt":{"rendered":"<p>Garniture de mousse \u00e0 pincer T51 \/ mousse pr\u00e9d\u00e9coup\u00e9e T51 pour Plaston T51<\/p>\n","protected":false},"featured_media":26048,"comment_status":"open","ping_status":"closed","template":"","meta":{"inline_featured_image":false},"product_brand":[],"product_cat":[315],"product_tag":[],"class_list":{"0":"post-25945","1":"product","2":"type-product","3":"status-publish","4":"has-post-thumbnail","6":"product_cat-plaston-accessoires","7":"product_shipping_class-postpaket-2-fr","8":"post-wrapper","10":"first","11":"onbackorder","12":"taxable","13":"shipping-taxable","14":"purchasable","15":"product-type-simple"},"_links":{"self":[{"href":"https:\/\/verpatec.ch\/fr\/wp-json\/wp\/v2\/product\/25945","targetHints":{"allow":["GET"]}}],"collection":[{"href":"https:\/\/verpatec.ch\/fr\/wp-json\/wp\/v2\/product"}],"about":[{"href":"https:\/\/verpatec.ch\/fr\/wp-json\/wp\/v2\/types\/product"}],"replies":[{"embeddable":true,"href":"https:\/\/verpatec.ch\/fr\/wp-json\/wp\/v2\/comments?post=25945"}],"wp:featuredmedia":[{"embeddable":true,"href":"https:\/\/verpatec.ch\/fr\/wp-json\/wp\/v2\/media\/26048"}],"wp:attachment":[{"href":"https:\/\/verpatec.ch\/fr\/wp-json\/wp\/v2\/media?parent=25945"}],"wp:term":[{"taxonomy":"product_brand","embeddable":true,"href":"https:\/\/verpatec.ch\/fr\/wp-json\/wp\/v2\/product_brand?post=25945"},{"taxonomy":"product_cat","embeddable":true,"href":"https:\/\/verpatec.ch\/fr\/wp-json\/wp\/v2\/product_cat?post=25945"},{"taxonomy":"product_tag","embeddable":true,"href":"https:\/\/verpatec.ch\/fr\/wp-json\/wp\/v2\/product_tag?post=25945"}],"curies":[{"name":"wp","href":"https:\/\/api.w.org\/{rel}","templated":true}]}}