{"id":25551,"date":"2025-11-19T14:04:53","date_gmt":"2025-11-19T13:04:54","guid":{"rendered":"https:\/\/verpatec.ch\/produkt\/poignee-dair-airhandl-ez-pull-a-plusieurs-etages\/"},"modified":"2026-03-03T13:19:13","modified_gmt":"2026-03-03T12:19:13","slug":"poignee-dair-airhandl-ez-pull-a-plusieurs-etages","status":"publish","type":"product","link":"https:\/\/verpatec.ch\/fr\/produit\/poignee-dair-airhandl-ez-pull-a-plusieurs-etages\/","title":{"rendered":"Poign\u00e9e d'air AIRHANDL EZ-Pull \u00e0 plusieurs \u00e9tages"},"content":{"rendered":"","protected":false},"excerpt":{"rendered":"<p>AIRHANDL EZ-Pull Poign\u00e9e d'air \u00e0 plusieurs niveaux<\/p>\n<p>COMPATIBLE AVEC :<\/p>\n<p>Peli Air 1535, 1556, 1595, 1606, 1607, 1615, 1626, 1637, 1646<\/p>\n","protected":false},"featured_media":25558,"comment_status":"open","ping_status":"closed","template":"","meta":{"inline_featured_image":false},"product_brand":[],"product_cat":[221,369],"product_tag":[],"class_list":{"0":"post-25551","1":"product","2":"type-product","3":"status-publish","4":"has-post-thumbnail","6":"product_cat-peli-accessoires","7":"product_cat-peli-pieces-de-rechange","8":"product_shipping_class-paquet-postal-1","9":"pa_marke-peli-fr","10":"post-wrapper","12":"first","13":"instock","14":"taxable","15":"shipping-taxable","16":"purchasable","17":"product-type-simple"},"_links":{"self":[{"href":"https:\/\/verpatec.ch\/fr\/wp-json\/wp\/v2\/product\/25551","targetHints":{"allow":["GET"]}}],"collection":[{"href":"https:\/\/verpatec.ch\/fr\/wp-json\/wp\/v2\/product"}],"about":[{"href":"https:\/\/verpatec.ch\/fr\/wp-json\/wp\/v2\/types\/product"}],"replies":[{"embeddable":true,"href":"https:\/\/verpatec.ch\/fr\/wp-json\/wp\/v2\/comments?post=25551"}],"wp:featuredmedia":[{"embeddable":true,"href":"https:\/\/verpatec.ch\/fr\/wp-json\/wp\/v2\/media\/25558"}],"wp:attachment":[{"href":"https:\/\/verpatec.ch\/fr\/wp-json\/wp\/v2\/media?parent=25551"}],"wp:term":[{"taxonomy":"product_brand","embeddable":true,"href":"https:\/\/verpatec.ch\/fr\/wp-json\/wp\/v2\/product_brand?post=25551"},{"taxonomy":"product_cat","embeddable":true,"href":"https:\/\/verpatec.ch\/fr\/wp-json\/wp\/v2\/product_cat?post=25551"},{"taxonomy":"product_tag","embeddable":true,"href":"https:\/\/verpatec.ch\/fr\/wp-json\/wp\/v2\/product_tag?post=25551"}],"curies":[{"name":"wp","href":"https:\/\/api.w.org\/{rel}","templated":true}]}}