{"id":24853,"date":"2025-11-04T17:06:45","date_gmt":"2025-11-04T16:06:46","guid":{"rendered":"https:\/\/verpatec.ch\/produkt\/cable-boucle-tete-lumineuse-9460c-70c\/"},"modified":"2025-11-04T17:06:46","modified_gmt":"2025-11-04T16:06:46","slug":"cable-boucle-tete-lumineuse-9460c-70c","status":"publish","type":"product","link":"https:\/\/verpatec.ch\/fr\/produit\/cable-boucle-tete-lumineuse-9460c-70c\/","title":{"rendered":"C\u00c2BLE BOUCL\u00c9, T\u00caTE LUMINEUSE 9460C\/70C"},"content":{"rendered":"","protected":false},"excerpt":{"rendered":"<p>C\u00c2BLE BOUCL\u00c9, T\u00caTE LUMINEUSE 9460C\/70C<\/p>\n<p>Hersteller-Nummer: 009463-3519-000SP<\/p>\n","protected":false},"featured_media":25150,"comment_status":"open","ping_status":"closed","template":"","meta":{"inline_featured_image":false},"product_brand":[],"product_cat":[221],"product_tag":[],"class_list":{"0":"post-24853","1":"product","2":"type-product","3":"status-publish","4":"has-post-thumbnail","6":"product_cat-peli-accessoires","7":"product_shipping_class-paquet-postal-1","8":"post-wrapper","10":"first","11":"onbackorder","12":"taxable","13":"shipping-taxable","14":"purchasable","15":"product-type-simple"},"_links":{"self":[{"href":"https:\/\/verpatec.ch\/fr\/wp-json\/wp\/v2\/product\/24853","targetHints":{"allow":["GET"]}}],"collection":[{"href":"https:\/\/verpatec.ch\/fr\/wp-json\/wp\/v2\/product"}],"about":[{"href":"https:\/\/verpatec.ch\/fr\/wp-json\/wp\/v2\/types\/product"}],"replies":[{"embeddable":true,"href":"https:\/\/verpatec.ch\/fr\/wp-json\/wp\/v2\/comments?post=24853"}],"wp:featuredmedia":[{"embeddable":true,"href":"https:\/\/verpatec.ch\/fr\/wp-json\/wp\/v2\/media\/25150"}],"wp:attachment":[{"href":"https:\/\/verpatec.ch\/fr\/wp-json\/wp\/v2\/media?parent=24853"}],"wp:term":[{"taxonomy":"product_brand","embeddable":true,"href":"https:\/\/verpatec.ch\/fr\/wp-json\/wp\/v2\/product_brand?post=24853"},{"taxonomy":"product_cat","embeddable":true,"href":"https:\/\/verpatec.ch\/fr\/wp-json\/wp\/v2\/product_cat?post=24853"},{"taxonomy":"product_tag","embeddable":true,"href":"https:\/\/verpatec.ch\/fr\/wp-json\/wp\/v2\/product_tag?post=24853"}],"curies":[{"name":"wp","href":"https:\/\/api.w.org\/{rel}","templated":true}]}}