{"id":24832,"date":"2025-11-04T16:32:15","date_gmt":"2025-11-04T15:32:17","guid":{"rendered":"https:\/\/verpatec.ch\/produkt\/chargeur-de-vehicule-12-24v-pour-9460b-rs\/"},"modified":"2025-11-04T16:32:17","modified_gmt":"2025-11-04T15:32:17","slug":"chargeur-de-vehicule-12-24v-pour-9460b-rs","status":"publish","type":"product","link":"https:\/\/verpatec.ch\/fr\/produit\/chargeur-de-vehicule-12-24v-pour-9460b-rs\/","title":{"rendered":"Chargeur de v\u00e9hicule 12-24V pour 9460B\/RS"},"content":{"rendered":"","protected":false},"excerpt":{"rendered":"<p>Chargeur 12\/24V avec prise pour voiture, camion ou bateau. Compatible avec :Syst\u00e8me d'\u00e9clairage \u00e0 distance 9460BSyst\u00e8me d'\u00e9clairage \u00e0 distance 9460RS<\/p>\n","protected":false},"featured_media":24839,"comment_status":"open","ping_status":"closed","template":"","meta":{"inline_featured_image":false},"product_brand":[],"product_cat":[221,94,193],"product_tag":[],"class_list":{"0":"post-24832","1":"product","2":"type-product","3":"status-publish","4":"has-post-thumbnail","6":"product_cat-peli-accessoires","7":"product_cat-systemes-declairage-lampes-de-poche","8":"product_cat-systemes-declairage-mobiles","9":"product_shipping_class-postpaket-2-fr","10":"post-wrapper","12":"first","13":"onbackorder","14":"taxable","15":"shipping-taxable","16":"purchasable","17":"product-type-simple"},"_links":{"self":[{"href":"https:\/\/verpatec.ch\/fr\/wp-json\/wp\/v2\/product\/24832","targetHints":{"allow":["GET"]}}],"collection":[{"href":"https:\/\/verpatec.ch\/fr\/wp-json\/wp\/v2\/product"}],"about":[{"href":"https:\/\/verpatec.ch\/fr\/wp-json\/wp\/v2\/types\/product"}],"replies":[{"embeddable":true,"href":"https:\/\/verpatec.ch\/fr\/wp-json\/wp\/v2\/comments?post=24832"}],"wp:featuredmedia":[{"embeddable":true,"href":"https:\/\/verpatec.ch\/fr\/wp-json\/wp\/v2\/media\/24839"}],"wp:attachment":[{"href":"https:\/\/verpatec.ch\/fr\/wp-json\/wp\/v2\/media?parent=24832"}],"wp:term":[{"taxonomy":"product_brand","embeddable":true,"href":"https:\/\/verpatec.ch\/fr\/wp-json\/wp\/v2\/product_brand?post=24832"},{"taxonomy":"product_cat","embeddable":true,"href":"https:\/\/verpatec.ch\/fr\/wp-json\/wp\/v2\/product_cat?post=24832"},{"taxonomy":"product_tag","embeddable":true,"href":"https:\/\/verpatec.ch\/fr\/wp-json\/wp\/v2\/product_tag?post=24832"}],"curies":[{"name":"wp","href":"https:\/\/api.w.org\/{rel}","templated":true}]}}