{"id":23681,"date":"2025-07-23T10:36:06","date_gmt":"2025-07-23T08:36:08","guid":{"rendered":"https:\/\/verpatec.ch\/produkt\/0450sdk-tiroir-plat-pour-mallette-a-outils-peli-0450-2e-generation\/"},"modified":"2025-07-23T10:36:08","modified_gmt":"2025-07-23T08:36:08","slug":"0450sdk-tiroir-plat-pour-mallette-a-outils-peli-0450-2e-generation","status":"publish","type":"product","link":"https:\/\/verpatec.ch\/fr\/produit\/0450sdk-tiroir-plat-pour-mallette-a-outils-peli-0450-2e-generation\/","title":{"rendered":"0450SDK tiroir plat pour mallette \u00e0 outils Peli 0450, 2e g\u00e9n\u00e9ration."},"content":{"rendered":"","protected":false},"excerpt":{"rendered":"","protected":false},"featured_media":23697,"comment_status":"open","ping_status":"closed","template":"","meta":{"inline_featured_image":false},"product_brand":[],"product_cat":[221],"product_tag":[],"class_list":{"0":"post-23681","1":"product","2":"type-product","3":"status-publish","4":"has-post-thumbnail","6":"product_cat-peli-accessoires","7":"product_shipping_class-paquet-postal-1","8":"post-wrapper","10":"first","11":"instock","12":"taxable","13":"shipping-taxable","14":"purchasable","15":"product-type-simple"},"_links":{"self":[{"href":"https:\/\/verpatec.ch\/fr\/wp-json\/wp\/v2\/product\/23681","targetHints":{"allow":["GET"]}}],"collection":[{"href":"https:\/\/verpatec.ch\/fr\/wp-json\/wp\/v2\/product"}],"about":[{"href":"https:\/\/verpatec.ch\/fr\/wp-json\/wp\/v2\/types\/product"}],"replies":[{"embeddable":true,"href":"https:\/\/verpatec.ch\/fr\/wp-json\/wp\/v2\/comments?post=23681"}],"wp:featuredmedia":[{"embeddable":true,"href":"https:\/\/verpatec.ch\/fr\/wp-json\/wp\/v2\/media\/23697"}],"wp:attachment":[{"href":"https:\/\/verpatec.ch\/fr\/wp-json\/wp\/v2\/media?parent=23681"}],"wp:term":[{"taxonomy":"product_brand","embeddable":true,"href":"https:\/\/verpatec.ch\/fr\/wp-json\/wp\/v2\/product_brand?post=23681"},{"taxonomy":"product_cat","embeddable":true,"href":"https:\/\/verpatec.ch\/fr\/wp-json\/wp\/v2\/product_cat?post=23681"},{"taxonomy":"product_tag","embeddable":true,"href":"https:\/\/verpatec.ch\/fr\/wp-json\/wp\/v2\/product_tag?post=23681"}],"curies":[{"name":"wp","href":"https:\/\/api.w.org\/{rel}","templated":true}]}}