{"id":22420,"date":"2025-06-10T14:20:05","date_gmt":"2025-06-10T12:20:07","guid":{"rendered":"https:\/\/verpatec.ch\/produkt\/explorer-5140-b-6u-sans-mousse\/"},"modified":"2025-06-10T14:20:07","modified_gmt":"2025-06-10T12:20:07","slug":"explorer-5140-b-6u-sans-mousse","status":"publish","type":"product","link":"https:\/\/verpatec.ch\/fr\/produit\/explorer-5140-b-6u-sans-mousse\/","title":{"rendered":"Explorer 5140.B.6U sans mousse"},"content":{"rendered":"","protected":false},"excerpt":{"rendered":"<p>Bo\u00eetier de rack 6U 19\" \u00e9tanche avec roulettes et chariot (jusqu'\u00e0 265 mm de profondeur de rack), avec RFID\/NFC<\/p>\n<p>Bo\u00eetier de rack \u00e9tanche 6HE.Les appareils peuvent \u00eatre mont\u00e9s horizontalement \u00e0 l'avant ou verticalement par le haut dans le bo\u00eetier.Solution pratique, l\u00e9g\u00e8re et \u00e9conomique pour le transport de petits appareils de rack jusqu'\u00e0 6HE.Le bo\u00eetier peut \u00eatre utilis\u00e9 horizontalement jusqu'\u00e0 6HE ou verticalement jusqu'\u00e0 5HE.Le mat\u00e9riel interne peut \u00eatre facilement reconfigur\u00e9 pour les deux versions.Des poign\u00e9es lat\u00e9rales, des roulettes et une poign\u00e9e de chariot \u00e0 l'arri\u00e8re permettent un transport confortable.Les \u00e9crous et vis de cage M6 fournis permettent un montage facile de tous les appareils.<\/p>\n<p>UTILISATION HORIZONTALE :<br \/>PROFONDEUR DU RACK : 265 mm (245 mm en position arri\u00e8re)PROFONDEUR DU COUVERCLE AVANT : 20 mm (40 mm en position arri\u00e8re)<\/p>\n<p>UTILISATION VERTICALE :<br \/>PROFONDEUR DU CH\u00c2SSIS : 325 mm (385 mm en position avant)PROFONDEUR DU COUVERCLE SUP\u00c9RIEUR : 75 mm (15 mm en position avant)<\/p>\n","protected":false},"featured_media":22433,"comment_status":"open","ping_status":"closed","template":"","meta":{"inline_featured_image":false},"product_brand":[],"product_cat":[75,79,341],"product_tag":[],"class_list":{"0":"post-22420","1":"product","2":"type-product","3":"status-publish","4":"has-post-thumbnail","6":"product_cat-conteneurs","7":"product_cat-explorer","8":"product_cat-explorer-large-fr","9":"product_shipping_class-postpaket-2-fr","10":"pa_marke-explorer-fr","11":"post-wrapper","13":"first","14":"onbackorder","15":"taxable","16":"shipping-taxable","17":"purchasable","18":"product-type-simple"},"_links":{"self":[{"href":"https:\/\/verpatec.ch\/fr\/wp-json\/wp\/v2\/product\/22420","targetHints":{"allow":["GET"]}}],"collection":[{"href":"https:\/\/verpatec.ch\/fr\/wp-json\/wp\/v2\/product"}],"about":[{"href":"https:\/\/verpatec.ch\/fr\/wp-json\/wp\/v2\/types\/product"}],"replies":[{"embeddable":true,"href":"https:\/\/verpatec.ch\/fr\/wp-json\/wp\/v2\/comments?post=22420"}],"wp:featuredmedia":[{"embeddable":true,"href":"https:\/\/verpatec.ch\/fr\/wp-json\/wp\/v2\/media\/22433"}],"wp:attachment":[{"href":"https:\/\/verpatec.ch\/fr\/wp-json\/wp\/v2\/media?parent=22420"}],"wp:term":[{"taxonomy":"product_brand","embeddable":true,"href":"https:\/\/verpatec.ch\/fr\/wp-json\/wp\/v2\/product_brand?post=22420"},{"taxonomy":"product_cat","embeddable":true,"href":"https:\/\/verpatec.ch\/fr\/wp-json\/wp\/v2\/product_cat?post=22420"},{"taxonomy":"product_tag","embeddable":true,"href":"https:\/\/verpatec.ch\/fr\/wp-json\/wp\/v2\/product_tag?post=22420"}],"curies":[{"name":"wp","href":"https:\/\/api.w.org\/{rel}","templated":true}]}}