{"id":21495,"date":"2025-03-25T11:03:03","date_gmt":"2025-03-25T11:04:22","guid":{"rendered":"https:\/\/verpatec.ch\/produkt\/coffre-plastique-extrude-tekno-17\/"},"modified":"2026-04-08T10:33:28","modified_gmt":"2026-04-08T08:33:28","slug":"coffre-plastique-extrude-tekno-17","status":"publish","type":"product","link":"https:\/\/verpatec.ch\/fr\/produit\/coffre-plastique-extrude-tekno-17\/","title":{"rendered":"Valise en plastique Tekno 2003"},"content":{"rendered":"","protected":false},"excerpt":{"rendered":"<p>Tekno 2003 \/ 0.5, gris argent\u00e9 avec des fermetures bleu fonc\u00e9, avec des dimensions int\u00e9rieures de 244x161x33\/33 mm<\/p>\n","protected":false},"featured_media":26856,"comment_status":"closed","ping_status":"closed","template":"","meta":{"inline_featured_image":false},"product_brand":[],"product_cat":[97,374],"product_tag":[],"class_list":{"0":"post-21495","1":"product","2":"type-product","3":"status-publish","4":"has-post-thumbnail","6":"product_cat-mallettes-en-plastique","7":"product_cat-tekno-fr","8":"product_shipping_class-paquet-postal-1","9":"pa_marke-verpatec-fr","10":"post-wrapper","12":"first","13":"instock","14":"taxable","15":"shipping-taxable","16":"purchasable","17":"product-type-simple"},"_links":{"self":[{"href":"https:\/\/verpatec.ch\/fr\/wp-json\/wp\/v2\/product\/21495","targetHints":{"allow":["GET"]}}],"collection":[{"href":"https:\/\/verpatec.ch\/fr\/wp-json\/wp\/v2\/product"}],"about":[{"href":"https:\/\/verpatec.ch\/fr\/wp-json\/wp\/v2\/types\/product"}],"replies":[{"embeddable":true,"href":"https:\/\/verpatec.ch\/fr\/wp-json\/wp\/v2\/comments?post=21495"}],"wp:featuredmedia":[{"embeddable":true,"href":"https:\/\/verpatec.ch\/fr\/wp-json\/wp\/v2\/media\/26856"}],"wp:attachment":[{"href":"https:\/\/verpatec.ch\/fr\/wp-json\/wp\/v2\/media?parent=21495"}],"wp:term":[{"taxonomy":"product_brand","embeddable":true,"href":"https:\/\/verpatec.ch\/fr\/wp-json\/wp\/v2\/product_brand?post=21495"},{"taxonomy":"product_cat","embeddable":true,"href":"https:\/\/verpatec.ch\/fr\/wp-json\/wp\/v2\/product_cat?post=21495"},{"taxonomy":"product_tag","embeddable":true,"href":"https:\/\/verpatec.ch\/fr\/wp-json\/wp\/v2\/product_tag?post=21495"}],"curies":[{"name":"wp","href":"https:\/\/api.w.org\/{rel}","templated":true}]}}