{"id":21317,"date":"2025-03-04T09:52:08","date_gmt":"2025-03-04T08:52:09","guid":{"rendered":"https:\/\/verpatec.ch\/produkt\/coffre-plastique-extrude-tekno-13\/"},"modified":"2025-05-21T08:38:02","modified_gmt":"2025-05-21T06:38:02","slug":"coffre-plastique-extrude-tekno-13","status":"publish","type":"product","link":"https:\/\/verpatec.ch\/fr\/produit\/coffre-plastique-extrude-tekno-13\/","title":{"rendered":"Valise en plastique Tekno 2008"},"content":{"rendered":"","protected":false},"excerpt":{"rendered":"<p>Tekno 2008 \/ 1.6, gris argent\u00e9 avec fermetures bleu fonc\u00e9, de dimensions int\u00e9rieures 326x222x116 (78\/38) mm<\/p>\n","protected":false},"featured_media":27233,"comment_status":"open","ping_status":"closed","template":"","meta":{"inline_featured_image":false},"product_brand":[],"product_cat":[97,374],"product_tag":[],"class_list":{"0":"post-21317","1":"product","2":"type-product","3":"status-publish","4":"has-post-thumbnail","6":"product_cat-mallettes-en-plastique","7":"product_cat-tekno-fr","8":"product_shipping_class-paquet-postal-1","9":"pa_marke-verpatec-fr","10":"post-wrapper","12":"first","13":"instock","14":"taxable","15":"shipping-taxable","16":"purchasable","17":"product-type-simple"},"_links":{"self":[{"href":"https:\/\/verpatec.ch\/fr\/wp-json\/wp\/v2\/product\/21317","targetHints":{"allow":["GET"]}}],"collection":[{"href":"https:\/\/verpatec.ch\/fr\/wp-json\/wp\/v2\/product"}],"about":[{"href":"https:\/\/verpatec.ch\/fr\/wp-json\/wp\/v2\/types\/product"}],"replies":[{"embeddable":true,"href":"https:\/\/verpatec.ch\/fr\/wp-json\/wp\/v2\/comments?post=21317"}],"wp:featuredmedia":[{"embeddable":true,"href":"https:\/\/verpatec.ch\/fr\/wp-json\/wp\/v2\/media\/27233"}],"wp:attachment":[{"href":"https:\/\/verpatec.ch\/fr\/wp-json\/wp\/v2\/media?parent=21317"}],"wp:term":[{"taxonomy":"product_brand","embeddable":true,"href":"https:\/\/verpatec.ch\/fr\/wp-json\/wp\/v2\/product_brand?post=21317"},{"taxonomy":"product_cat","embeddable":true,"href":"https:\/\/verpatec.ch\/fr\/wp-json\/wp\/v2\/product_cat?post=21317"},{"taxonomy":"product_tag","embeddable":true,"href":"https:\/\/verpatec.ch\/fr\/wp-json\/wp\/v2\/product_tag?post=21317"}],"curies":[{"name":"wp","href":"https:\/\/api.w.org\/{rel}","templated":true}]}}