{"id":21314,"date":"2025-03-04T09:52:01","date_gmt":"2025-03-04T08:52:03","guid":{"rendered":"https:\/\/verpatec.ch\/produkt\/coffre-plastique-extrude-tekno-12\/"},"modified":"2025-05-21T08:37:51","modified_gmt":"2025-05-21T06:37:51","slug":"coffre-plastique-extrude-tekno-12","status":"publish","type":"product","link":"https:\/\/verpatec.ch\/fr\/produit\/coffre-plastique-extrude-tekno-12\/","title":{"rendered":"Malette en plastique Tekno 2017"},"content":{"rendered":"","protected":false},"excerpt":{"rendered":"<p>Tekno 2017 \/ 2.2, gris argent\u00e9 avec des fermetures bleu fonc\u00e9, avec les dimensions int\u00e9rieures de 437x295x100 (50\/50)mm<\/p>\n","protected":false},"featured_media":27239,"comment_status":"open","ping_status":"closed","template":"","meta":{"inline_featured_image":false},"product_brand":[],"product_cat":[97,374],"product_tag":[],"class_list":{"0":"post-21314","1":"product","2":"type-product","3":"status-publish","4":"has-post-thumbnail","6":"product_cat-mallettes-en-plastique","7":"product_cat-tekno-fr","8":"product_shipping_class-paquet-postal-1","9":"pa_marke-verpatec-fr","10":"post-wrapper","12":"first","13":"instock","14":"taxable","15":"shipping-taxable","16":"purchasable","17":"product-type-simple"},"_links":{"self":[{"href":"https:\/\/verpatec.ch\/fr\/wp-json\/wp\/v2\/product\/21314","targetHints":{"allow":["GET"]}}],"collection":[{"href":"https:\/\/verpatec.ch\/fr\/wp-json\/wp\/v2\/product"}],"about":[{"href":"https:\/\/verpatec.ch\/fr\/wp-json\/wp\/v2\/types\/product"}],"replies":[{"embeddable":true,"href":"https:\/\/verpatec.ch\/fr\/wp-json\/wp\/v2\/comments?post=21314"}],"wp:featuredmedia":[{"embeddable":true,"href":"https:\/\/verpatec.ch\/fr\/wp-json\/wp\/v2\/media\/27239"}],"wp:attachment":[{"href":"https:\/\/verpatec.ch\/fr\/wp-json\/wp\/v2\/media?parent=21314"}],"wp:term":[{"taxonomy":"product_brand","embeddable":true,"href":"https:\/\/verpatec.ch\/fr\/wp-json\/wp\/v2\/product_brand?post=21314"},{"taxonomy":"product_cat","embeddable":true,"href":"https:\/\/verpatec.ch\/fr\/wp-json\/wp\/v2\/product_cat?post=21314"},{"taxonomy":"product_tag","embeddable":true,"href":"https:\/\/verpatec.ch\/fr\/wp-json\/wp\/v2\/product_tag?post=21314"}],"curies":[{"name":"wp","href":"https:\/\/api.w.org\/{rel}","templated":true}]}}