{"id":21294,"date":"2025-02-27T17:24:10","date_gmt":"2025-02-27T16:24:12","guid":{"rendered":"https:\/\/verpatec.ch\/produkt\/organisateur-de-couvercle-pour-peli-air-1535-peli-1510-storm-im2500\/"},"modified":"2025-11-27T17:09:15","modified_gmt":"2025-11-27T16:09:15","slug":"organisateur-de-couvercle-pour-peli-air-1535-peli-1510-storm-im2500","status":"publish","type":"product","link":"https:\/\/verpatec.ch\/fr\/produit\/organisateur-de-couvercle-pour-peli-air-1535-peli-1510-storm-im2500\/","title":{"rendered":"Organisateur de couvercle pour Peli Air 1535, Peli 1510, Storm IM2500"},"content":{"rendered":"","protected":false},"excerpt":{"rendered":"<p>Organisateur de couvercle pour Laptop 14-16. ( LID1519SCX )<br \/>Rangement pour ordinateur portable : la housse \u00e9tanche pour ordinateur portable peut accueillir des ordinateurs portables jusqu'\u00e0 14\u00ab  ou 16 \u00bb et offre un rangement s\u00fbr avec une protection rembourr\u00e9e.<br \/>Livr\u00e9e avec une petite poche zipp\u00e9e amovible pour ranger les c\u00e2bles ou les petits accessoires.<\/p>\n<p>Correspondance :<br \/>- Peli Air 1535<br \/>- Peli 1510<br \/>- Stormcase iM2500 <\/p>\n","protected":false},"featured_media":21339,"comment_status":"open","ping_status":"closed","template":"","meta":{"inline_featured_image":false},"product_brand":[],"product_cat":[221],"product_tag":[],"class_list":{"0":"post-21294","1":"product","2":"type-product","3":"status-publish","4":"has-post-thumbnail","6":"product_cat-peli-accessoires","7":"product_shipping_class-paquet-postal-1","8":"pa_marke-peli-fr","9":"post-wrapper","11":"first","12":"instock","13":"taxable","14":"shipping-taxable","15":"purchasable","16":"product-type-simple"},"_links":{"self":[{"href":"https:\/\/verpatec.ch\/fr\/wp-json\/wp\/v2\/product\/21294","targetHints":{"allow":["GET"]}}],"collection":[{"href":"https:\/\/verpatec.ch\/fr\/wp-json\/wp\/v2\/product"}],"about":[{"href":"https:\/\/verpatec.ch\/fr\/wp-json\/wp\/v2\/types\/product"}],"replies":[{"embeddable":true,"href":"https:\/\/verpatec.ch\/fr\/wp-json\/wp\/v2\/comments?post=21294"}],"wp:featuredmedia":[{"embeddable":true,"href":"https:\/\/verpatec.ch\/fr\/wp-json\/wp\/v2\/media\/21339"}],"wp:attachment":[{"href":"https:\/\/verpatec.ch\/fr\/wp-json\/wp\/v2\/media?parent=21294"}],"wp:term":[{"taxonomy":"product_brand","embeddable":true,"href":"https:\/\/verpatec.ch\/fr\/wp-json\/wp\/v2\/product_brand?post=21294"},{"taxonomy":"product_cat","embeddable":true,"href":"https:\/\/verpatec.ch\/fr\/wp-json\/wp\/v2\/product_cat?post=21294"},{"taxonomy":"product_tag","embeddable":true,"href":"https:\/\/verpatec.ch\/fr\/wp-json\/wp\/v2\/product_tag?post=21294"}],"curies":[{"name":"wp","href":"https:\/\/api.w.org\/{rel}","templated":true}]}}