{"id":21058,"date":"2025-01-31T08:08:21","date_gmt":"2025-01-31T07:08:22","guid":{"rendered":"https:\/\/verpatec.ch\/produkt\/paquet-de-pins-trekpak-10-pieces-pour-tous-les-elements-peli-trekpak\/"},"modified":"2025-01-31T08:15:21","modified_gmt":"2025-01-31T07:15:21","slug":"paquet-de-pins-trekpak-10-pieces-pour-tous-les-elements-peli-trekpak","status":"publish","type":"product","link":"https:\/\/verpatec.ch\/fr\/produit\/paquet-de-pins-trekpak-10-pieces-pour-tous-les-elements-peli-trekpak\/","title":{"rendered":"Paquet de pins TrekPak (10 pi\u00e8ces) pour tous les \u00e9l\u00e9ments PELI\u2122 TrekPak"},"content":{"rendered":"","protected":false},"excerpt":{"rendered":"<p>PELI\u2122 TrekPak Pin Set (10 pi\u00e8ces)<\/p>\n<p>Num\u00e9ro de fabricant: 014850-3410-000E<\/p>\n","protected":false},"featured_media":21116,"comment_status":"open","ping_status":"closed","template":"","meta":{"inline_featured_image":false},"product_brand":[],"product_cat":[221],"product_tag":[],"class_list":{"0":"post-21058","1":"product","2":"type-product","3":"status-publish","4":"has-post-thumbnail","6":"product_cat-peli-accessoires","7":"product_shipping_class-paquet-postal-1","8":"pa_marke-peli-fr","9":"post-wrapper","11":"first","12":"instock","13":"taxable","14":"shipping-taxable","15":"purchasable","16":"product-type-simple"},"_links":{"self":[{"href":"https:\/\/verpatec.ch\/fr\/wp-json\/wp\/v2\/product\/21058","targetHints":{"allow":["GET"]}}],"collection":[{"href":"https:\/\/verpatec.ch\/fr\/wp-json\/wp\/v2\/product"}],"about":[{"href":"https:\/\/verpatec.ch\/fr\/wp-json\/wp\/v2\/types\/product"}],"replies":[{"embeddable":true,"href":"https:\/\/verpatec.ch\/fr\/wp-json\/wp\/v2\/comments?post=21058"}],"wp:featuredmedia":[{"embeddable":true,"href":"https:\/\/verpatec.ch\/fr\/wp-json\/wp\/v2\/media\/21116"}],"wp:attachment":[{"href":"https:\/\/verpatec.ch\/fr\/wp-json\/wp\/v2\/media?parent=21058"}],"wp:term":[{"taxonomy":"product_brand","embeddable":true,"href":"https:\/\/verpatec.ch\/fr\/wp-json\/wp\/v2\/product_brand?post=21058"},{"taxonomy":"product_cat","embeddable":true,"href":"https:\/\/verpatec.ch\/fr\/wp-json\/wp\/v2\/product_cat?post=21058"},{"taxonomy":"product_tag","embeddable":true,"href":"https:\/\/verpatec.ch\/fr\/wp-json\/wp\/v2\/product_tag?post=21058"}],"curies":[{"name":"wp","href":"https:\/\/api.w.org\/{rel}","templated":true}]}}