{"id":21047,"date":"2025-01-31T07:56:46","date_gmt":"2025-01-31T06:56:47","guid":{"rendered":"https:\/\/verpatec.ch\/produkt\/wl05-recipient-pour-petites-pieces-en-pp\/"},"modified":"2025-01-31T08:07:11","modified_gmt":"2025-01-31T07:07:11","slug":"wl05-recipient-pour-petites-pieces-en-pp","status":"publish","type":"product","link":"https:\/\/verpatec.ch\/fr\/produit\/wl05-recipient-pour-petites-pieces-en-pp\/","title":{"rendered":"WL05 R\u00e9cipient pour petites pi\u00e8ces en PP"},"content":{"rendered":"","protected":false},"excerpt":{"rendered":"<p>Bo\u00eete en plastique en PP pour petites pi\u00e8ces.<br \/>Sans s\u00e9parations.<br \/>Dimensions ext\u00e9rieures : mm 245x130x30<br \/>Empilable avec les articles WL01-WL02-WL03-WL04<\/p>\n","protected":false},"featured_media":21082,"comment_status":"open","ping_status":"closed","template":"","meta":{"inline_featured_image":false},"product_brand":[],"product_cat":[345,97],"product_tag":[],"class_list":{"0":"post-21047","1":"product","2":"type-product","3":"status-publish","4":"has-post-thumbnail","6":"product_cat-explorer-small-fr","7":"product_cat-mallettes-en-plastique","8":"product_shipping_class-paquet-postal-1","9":"pa_marke-explorer-fr","10":"post-wrapper","12":"first","13":"instock","14":"taxable","15":"shipping-taxable","16":"purchasable","17":"product-type-simple"},"_links":{"self":[{"href":"https:\/\/verpatec.ch\/fr\/wp-json\/wp\/v2\/product\/21047","targetHints":{"allow":["GET"]}}],"collection":[{"href":"https:\/\/verpatec.ch\/fr\/wp-json\/wp\/v2\/product"}],"about":[{"href":"https:\/\/verpatec.ch\/fr\/wp-json\/wp\/v2\/types\/product"}],"replies":[{"embeddable":true,"href":"https:\/\/verpatec.ch\/fr\/wp-json\/wp\/v2\/comments?post=21047"}],"wp:featuredmedia":[{"embeddable":true,"href":"https:\/\/verpatec.ch\/fr\/wp-json\/wp\/v2\/media\/21082"}],"wp:attachment":[{"href":"https:\/\/verpatec.ch\/fr\/wp-json\/wp\/v2\/media?parent=21047"}],"wp:term":[{"taxonomy":"product_brand","embeddable":true,"href":"https:\/\/verpatec.ch\/fr\/wp-json\/wp\/v2\/product_brand?post=21047"},{"taxonomy":"product_cat","embeddable":true,"href":"https:\/\/verpatec.ch\/fr\/wp-json\/wp\/v2\/product_cat?post=21047"},{"taxonomy":"product_tag","embeddable":true,"href":"https:\/\/verpatec.ch\/fr\/wp-json\/wp\/v2\/product_tag?post=21047"}],"curies":[{"name":"wp","href":"https:\/\/api.w.org\/{rel}","templated":true}]}}