{"id":20999,"date":"2025-01-10T08:44:50","date_gmt":"2025-01-10T07:44:51","guid":{"rendered":"https:\/\/verpatec.ch\/produkt\/kit-dinterieur-avec-compartiments-pour-couvercle-40627\/"},"modified":"2025-01-10T08:44:51","modified_gmt":"2025-01-10T07:44:51","slug":"kit-dinterieur-avec-compartiments-pour-couvercle-40627","status":"publish","type":"product","link":"https:\/\/verpatec.ch\/fr\/produit\/kit-dinterieur-avec-compartiments-pour-couvercle-40627\/","title":{"rendered":"Kit d'Int\u00e9rieur avec Compartiments pour Couvercle 40627"},"content":{"rendered":"","protected":false},"excerpt":{"rendered":"<p>Description du produit<\/p>\n<p>Le sac \u00e0 outils transportable et amovible <br \/>Sac de rangement pour les outils. En <br \/>tissu r\u00e9sistant \u00e0 l'usure.<br \/>Avec compartiment d\u00e9pliable pour un acc\u00e8s facile aux outils. <br \/>de l'outillage.<br \/>\u00c0 monter soi-m\u00eame.<br \/>Montage de la r\u00e9f\u00e9rence 40627 au moyen de rivets en deux parties. <br \/>rivets creux, la r\u00e9f\u00e9rence 40630 autocollante <br \/>\u00e9quip\u00e9 d'un syst\u00e8me de fixation.<br \/>Convient pour les s\u00e9ries K 424 XC, K 470, Eurobox et <br \/>Box de ZARGES.<\/p>\n<p>Caract\u00e9ristiques du produit<\/p>\n<p>Dimensions : 430 mm \u00d7 260 mm \u00d7 40 mm<br \/>largeur : 260 mm<br \/>Poids : 1.1 kg<br \/>Longueur : 430 mm<br \/>Convient \u00e0 partir de la largeur : 350 mm<br \/>Convient \u00e0 partir de la dimension int\u00e9rieure : \u00d7 <br \/>Convient \u00e0 partir de la longueur : 550 mm<br \/>Convient pour : 40701-40706, 40709, 40861-40863, 40877, <br \/>41811-41815<\/p>\n","protected":false},"featured_media":21310,"comment_status":"open","ping_status":"closed","template":"","meta":{"inline_featured_image":false},"product_brand":[],"product_cat":[275],"product_tag":[],"class_list":{"0":"post-20999","1":"product","2":"type-product","3":"status-publish","4":"has-post-thumbnail","6":"product_cat-plaston-zubehoer","7":"product_shipping_class-paquet-postal-1","8":"post-wrapper","10":"first","11":"instock","12":"taxable","13":"shipping-taxable","14":"purchasable","15":"product-type-simple"},"_links":{"self":[{"href":"https:\/\/verpatec.ch\/fr\/wp-json\/wp\/v2\/product\/20999","targetHints":{"allow":["GET"]}}],"collection":[{"href":"https:\/\/verpatec.ch\/fr\/wp-json\/wp\/v2\/product"}],"about":[{"href":"https:\/\/verpatec.ch\/fr\/wp-json\/wp\/v2\/types\/product"}],"replies":[{"embeddable":true,"href":"https:\/\/verpatec.ch\/fr\/wp-json\/wp\/v2\/comments?post=20999"}],"wp:featuredmedia":[{"embeddable":true,"href":"https:\/\/verpatec.ch\/fr\/wp-json\/wp\/v2\/media\/21310"}],"wp:attachment":[{"href":"https:\/\/verpatec.ch\/fr\/wp-json\/wp\/v2\/media?parent=20999"}],"wp:term":[{"taxonomy":"product_brand","embeddable":true,"href":"https:\/\/verpatec.ch\/fr\/wp-json\/wp\/v2\/product_brand?post=20999"},{"taxonomy":"product_cat","embeddable":true,"href":"https:\/\/verpatec.ch\/fr\/wp-json\/wp\/v2\/product_cat?post=20999"},{"taxonomy":"product_tag","embeddable":true,"href":"https:\/\/verpatec.ch\/fr\/wp-json\/wp\/v2\/product_tag?post=20999"}],"curies":[{"name":"wp","href":"https:\/\/api.w.org\/{rel}","templated":true}]}}