{"id":20993,"date":"2025-01-10T08:44:20","date_gmt":"2025-01-10T07:44:22","guid":{"rendered":"https:\/\/verpatec.ch\/produkt\/kit-dinterieur-avec-compartiments-pour-couvercle-41821\/"},"modified":"2025-01-10T08:44:22","modified_gmt":"2025-01-10T07:44:22","slug":"kit-dinterieur-avec-compartiments-pour-couvercle-41821","status":"publish","type":"product","link":"https:\/\/verpatec.ch\/fr\/produit\/kit-dinterieur-avec-compartiments-pour-couvercle-41821\/","title":{"rendered":"Kit d'Int\u00e9rieur avec Compartiments pour Couvercle 41821"},"content":{"rendered":"","protected":false},"excerpt":{"rendered":"<p>Description du produit<\/p>\n<p>Id\u00e9al pour les tablettes PC, les c\u00e2bles, les petites pi\u00e8ces ou les <br \/>des documents.<br \/>Le sac peut \u00eatre facilement retir\u00e9.<br \/>Capacit\u00e9 de charge jusqu'\u00e0 2 kg.<br \/>Facile \u00e0 monter.<br \/>Convient aux s\u00e9ries K 424 XC, K 470, Eurobox et <br \/>Box de ZARGES.<\/p>\n","protected":false},"featured_media":21304,"comment_status":"open","ping_status":"closed","template":"","meta":{"inline_featured_image":false},"product_brand":[],"product_cat":[275],"product_tag":[],"class_list":{"0":"post-20993","1":"product","2":"type-product","3":"status-publish","4":"has-post-thumbnail","6":"product_cat-plaston-zubehoer","7":"product_shipping_class-paquet-postal-1","8":"post-wrapper","10":"first","11":"instock","12":"taxable","13":"shipping-taxable","14":"purchasable","15":"product-type-simple"},"_links":{"self":[{"href":"https:\/\/verpatec.ch\/fr\/wp-json\/wp\/v2\/product\/20993","targetHints":{"allow":["GET"]}}],"collection":[{"href":"https:\/\/verpatec.ch\/fr\/wp-json\/wp\/v2\/product"}],"about":[{"href":"https:\/\/verpatec.ch\/fr\/wp-json\/wp\/v2\/types\/product"}],"replies":[{"embeddable":true,"href":"https:\/\/verpatec.ch\/fr\/wp-json\/wp\/v2\/comments?post=20993"}],"wp:featuredmedia":[{"embeddable":true,"href":"https:\/\/verpatec.ch\/fr\/wp-json\/wp\/v2\/media\/21304"}],"wp:attachment":[{"href":"https:\/\/verpatec.ch\/fr\/wp-json\/wp\/v2\/media?parent=20993"}],"wp:term":[{"taxonomy":"product_brand","embeddable":true,"href":"https:\/\/verpatec.ch\/fr\/wp-json\/wp\/v2\/product_brand?post=20993"},{"taxonomy":"product_cat","embeddable":true,"href":"https:\/\/verpatec.ch\/fr\/wp-json\/wp\/v2\/product_cat?post=20993"},{"taxonomy":"product_tag","embeddable":true,"href":"https:\/\/verpatec.ch\/fr\/wp-json\/wp\/v2\/product_tag?post=20993"}],"curies":[{"name":"wp","href":"https:\/\/api.w.org\/{rel}","templated":true}]}}