{"id":20760,"date":"2024-11-25T02:35:08","date_gmt":"2024-11-25T01:35:09","guid":{"rendered":"https:\/\/verpatec.ch\/produkt\/trekpack-kit-fuer-peli-air-1607\/"},"modified":"2024-11-25T02:35:09","modified_gmt":"2024-11-25T01:35:09","slug":"trekpack-kit-fuer-peli-air-1607","status":"publish","type":"product","link":"https:\/\/verpatec.ch\/fr\/produit\/trekpack-kit-fuer-peli-air-1607\/","title":{"rendered":"TrekPack Kit f\u00fcr Peli Air 1607"},"content":{"rendered":"","protected":false},"excerpt":{"rendered":"<p>Peli Kit de s\u00e9parateurs 1607AirDS, pour mod\u00e8le 1607Air<\/p>\n<p>Hersteller-Nummer: 016070-4060-000E<\/p>\n","protected":false},"featured_media":20785,"comment_status":"open","ping_status":"closed","template":"","meta":{"inline_featured_image":false},"product_brand":[],"product_cat":[221],"product_tag":[],"class_list":{"0":"post-20760","1":"product","2":"type-product","3":"status-publish","4":"has-post-thumbnail","6":"product_cat-peli-accessoires","7":"product_shipping_class-paquet-postal-1","8":"pa_marke-peli-fr","9":"post-wrapper","11":"first","12":"instock","13":"taxable","14":"shipping-taxable","15":"purchasable","16":"product-type-simple"},"_links":{"self":[{"href":"https:\/\/verpatec.ch\/fr\/wp-json\/wp\/v2\/product\/20760","targetHints":{"allow":["GET"]}}],"collection":[{"href":"https:\/\/verpatec.ch\/fr\/wp-json\/wp\/v2\/product"}],"about":[{"href":"https:\/\/verpatec.ch\/fr\/wp-json\/wp\/v2\/types\/product"}],"replies":[{"embeddable":true,"href":"https:\/\/verpatec.ch\/fr\/wp-json\/wp\/v2\/comments?post=20760"}],"wp:featuredmedia":[{"embeddable":true,"href":"https:\/\/verpatec.ch\/fr\/wp-json\/wp\/v2\/media\/20785"}],"wp:attachment":[{"href":"https:\/\/verpatec.ch\/fr\/wp-json\/wp\/v2\/media?parent=20760"}],"wp:term":[{"taxonomy":"product_brand","embeddable":true,"href":"https:\/\/verpatec.ch\/fr\/wp-json\/wp\/v2\/product_brand?post=20760"},{"taxonomy":"product_cat","embeddable":true,"href":"https:\/\/verpatec.ch\/fr\/wp-json\/wp\/v2\/product_cat?post=20760"},{"taxonomy":"product_tag","embeddable":true,"href":"https:\/\/verpatec.ch\/fr\/wp-json\/wp\/v2\/product_tag?post=20760"}],"curies":[{"name":"wp","href":"https:\/\/api.w.org\/{rel}","templated":true}]}}