{"id":20680,"date":"2024-11-25T01:40:55","date_gmt":"2024-11-25T00:40:56","guid":{"rendered":"https:\/\/verpatec.ch\/produkt\/k-424-xc-mobil-box-im-750x450x310mm\/"},"modified":"2025-01-10T08:43:00","modified_gmt":"2025-01-10T07:43:00","slug":"k-424-xc-mobil-box-im-750x450x310mm","status":"publish","type":"product","link":"https:\/\/verpatec.ch\/fr\/produit\/k-424-xc-mobil-box-im-750x450x310mm\/","title":{"rendered":"K 424 XC Mobil Box IM: 750x450x310mm 41813"},"content":{"rendered":"","protected":false},"excerpt":{"rendered":"<p>Description du produit :<\/p>\n<p>Ce conteneur en aluminium durable de 800 x 500 x 385 mm et d'un volume de 105 l offre mobilit\u00e9 et stabilit\u00e9. \u00c9quip\u00e9 d'une poign\u00e9e de traction en 2 parties et de roulettes de 50 mm, il est id\u00e9al pour un transport flexible. Les moulures p\u00e9riph\u00e9riques, les coins d'angle et le joint de couvercle en mousse assurent la stabilit\u00e9 dimensionnelle et la protection contre la poussi\u00e8re. Les fermetures confort et les coins de gerbage solides en font un compagnon polyvalent.<\/p>\n<p>Caract\u00e9ristiques du produit :<\/p>\n<p>Dimensions ext\u00e9rieures (L x l x H) : 800 x 500 x 385 mm<br \/>Dimensions int\u00e9rieures (LxlxH) : 750 x 450 x 310 mm<br \/>Volume : 105 l<br \/>Poids : 9,5 kg<br \/>Mat\u00e9riau : aluminium<br \/>Roulettes int\u00e9gr\u00e9es : Oui, diam\u00e8tre des roulettes 50 mm<\/p>\n","protected":false},"featured_media":20707,"comment_status":"open","ping_status":"closed","template":"","meta":{"inline_featured_image":false},"product_brand":[],"product_cat":[75,78],"product_tag":[],"class_list":{"0":"post-20680","1":"product","2":"type-product","3":"status-publish","4":"has-post-thumbnail","6":"product_cat-conteneurs","7":"product_cat-conteneur-en-aluminium","8":"product_shipping_class-postpaket-2-fr","9":"post-wrapper","11":"first","12":"instock","13":"taxable","14":"shipping-taxable","15":"purchasable","16":"product-type-simple"},"_links":{"self":[{"href":"https:\/\/verpatec.ch\/fr\/wp-json\/wp\/v2\/product\/20680","targetHints":{"allow":["GET"]}}],"collection":[{"href":"https:\/\/verpatec.ch\/fr\/wp-json\/wp\/v2\/product"}],"about":[{"href":"https:\/\/verpatec.ch\/fr\/wp-json\/wp\/v2\/types\/product"}],"replies":[{"embeddable":true,"href":"https:\/\/verpatec.ch\/fr\/wp-json\/wp\/v2\/comments?post=20680"}],"wp:featuredmedia":[{"embeddable":true,"href":"https:\/\/verpatec.ch\/fr\/wp-json\/wp\/v2\/media\/20707"}],"wp:attachment":[{"href":"https:\/\/verpatec.ch\/fr\/wp-json\/wp\/v2\/media?parent=20680"}],"wp:term":[{"taxonomy":"product_brand","embeddable":true,"href":"https:\/\/verpatec.ch\/fr\/wp-json\/wp\/v2\/product_brand?post=20680"},{"taxonomy":"product_cat","embeddable":true,"href":"https:\/\/verpatec.ch\/fr\/wp-json\/wp\/v2\/product_cat?post=20680"},{"taxonomy":"product_tag","embeddable":true,"href":"https:\/\/verpatec.ch\/fr\/wp-json\/wp\/v2\/product_tag?post=20680"}],"curies":[{"name":"wp","href":"https:\/\/api.w.org\/{rel}","templated":true}]}}