{"id":20677,"date":"2024-11-25T01:40:50","date_gmt":"2024-11-25T00:40:51","guid":{"rendered":"https:\/\/verpatec.ch\/produkt\/k-424-xc-mobil-box-im-516x350x159mm\/"},"modified":"2025-01-10T08:42:43","modified_gmt":"2025-01-10T07:42:43","slug":"k-424-xc-mobil-box-im-516x350x159mm","status":"publish","type":"product","link":"https:\/\/verpatec.ch\/fr\/produit\/k-424-xc-mobil-box-im-516x350x159mm\/","title":{"rendered":"K 424 XC Mobil Box IM: 516x350x159mm 41810"},"content":{"rendered":"","protected":false},"excerpt":{"rendered":"<p>Description du produit :<\/p>\n<p>La caisse mobile ZARGES K 424 XC combine mobilit\u00e9 et robustesse avec un syst\u00e8me de roulettes int\u00e9gr\u00e9 et une poign\u00e9e extensible. Les moulures p\u00e9riph\u00e9riques et les coins offrent une grande stabilit\u00e9 de forme pour un poids propre faible. Avec une capacit\u00e9 de charge allant jusqu'\u00e0 50 kg et des coins de gerbage empilables en fonte d'aluminium, il est un compagnon fiable pour le stockage et le transport. Pour le tout-terrain, des jeux de roulettes plus grands sont disponibles en option. La fermeture Comfort durable et le joint de couvercle en mousse assurent une protection optimale contre la poussi\u00e8re et les projections d'eau.<\/p>\n<p>Caract\u00e9ristiques du produit :<\/p>\n<p>Dimensions ext\u00e9rieures (LxlxH) : 550 x 400 x 233 mm<br \/>Dimensions int\u00e9rieures (LxlxH) : 516 x 350 x 159 mm<br \/>Volume : 28 l<br \/>poids : 6,3 kg<br \/>Mat\u00e9riau : aluminium<br \/>Roulettes int\u00e9gr\u00e9es : Oui, diam\u00e8tre des roulettes 50 mm<\/p>\n","protected":false},"featured_media":20694,"comment_status":"open","ping_status":"closed","template":"","meta":{"inline_featured_image":false},"product_brand":[],"product_cat":[75,78],"product_tag":[],"class_list":{"0":"post-20677","1":"product","2":"type-product","3":"status-publish","4":"has-post-thumbnail","6":"product_cat-conteneurs","7":"product_cat-conteneur-en-aluminium","8":"product_shipping_class-postpaket-2-fr","9":"post-wrapper","11":"first","12":"instock","13":"taxable","14":"shipping-taxable","15":"purchasable","16":"product-type-simple"},"_links":{"self":[{"href":"https:\/\/verpatec.ch\/fr\/wp-json\/wp\/v2\/product\/20677","targetHints":{"allow":["GET"]}}],"collection":[{"href":"https:\/\/verpatec.ch\/fr\/wp-json\/wp\/v2\/product"}],"about":[{"href":"https:\/\/verpatec.ch\/fr\/wp-json\/wp\/v2\/types\/product"}],"replies":[{"embeddable":true,"href":"https:\/\/verpatec.ch\/fr\/wp-json\/wp\/v2\/comments?post=20677"}],"wp:featuredmedia":[{"embeddable":true,"href":"https:\/\/verpatec.ch\/fr\/wp-json\/wp\/v2\/media\/20694"}],"wp:attachment":[{"href":"https:\/\/verpatec.ch\/fr\/wp-json\/wp\/v2\/media?parent=20677"}],"wp:term":[{"taxonomy":"product_brand","embeddable":true,"href":"https:\/\/verpatec.ch\/fr\/wp-json\/wp\/v2\/product_brand?post=20677"},{"taxonomy":"product_cat","embeddable":true,"href":"https:\/\/verpatec.ch\/fr\/wp-json\/wp\/v2\/product_cat?post=20677"},{"taxonomy":"product_tag","embeddable":true,"href":"https:\/\/verpatec.ch\/fr\/wp-json\/wp\/v2\/product_tag?post=20677"}],"curies":[{"name":"wp","href":"https:\/\/api.w.org\/{rel}","templated":true}]}}