{"id":20624,"date":"2024-11-22T23:12:49","date_gmt":"2024-11-22T22:12:50","guid":{"rendered":"https:\/\/verpatec.ch\/produkt\/im26xx-lidorg-lid-organizer-4\/"},"modified":"2025-08-07T10:17:52","modified_gmt":"2025-08-07T08:17:52","slug":"im26xx-lidorg-lid-organizer-4","status":"publish","type":"product","link":"https:\/\/verpatec.ch\/fr\/produit\/im26xx-lidorg-lid-organizer-4\/","title":{"rendered":"iM26XX-LIDORG Lid Organizer"},"content":{"rendered":"","protected":false},"excerpt":{"rendered":"<p>Fabriqu\u00e9 en simili cuir ou en nylon balistique avec des fermetures \u00e9clair en nylon. Une grande vari\u00e9t\u00e9 de tailles de poches permet de prot\u00e9ger et de garder votre mat\u00e9riel organis\u00e9.<\/p>\n<p>Le kit comprend un organisateur de couvercle (3 pochettes pour dossiers ouvertes en haut, 2 pochettes, 3 porte-stylos), un crochet velcro noir.<\/p>\n<p>Compatibile avec :<br \/>iM2600<br \/>iM2620<\/p>\n<p>Nim\u00e9ro de fabricant: IM26XX-UTILITYORG<\/p>\n","protected":false},"featured_media":20628,"comment_status":"open","ping_status":"closed","template":"","meta":{"inline_featured_image":false},"product_brand":[],"product_cat":[221],"product_tag":[],"class_list":{"0":"post-20624","1":"product","2":"type-product","3":"status-publish","4":"has-post-thumbnail","6":"product_cat-peli-accessoires","7":"product_shipping_class-paquet-postal-1","8":"pa_marke-peli-fr","9":"post-wrapper","11":"first","12":"instock","13":"taxable","14":"shipping-taxable","15":"purchasable","16":"product-type-simple"},"_links":{"self":[{"href":"https:\/\/verpatec.ch\/fr\/wp-json\/wp\/v2\/product\/20624","targetHints":{"allow":["GET"]}}],"collection":[{"href":"https:\/\/verpatec.ch\/fr\/wp-json\/wp\/v2\/product"}],"about":[{"href":"https:\/\/verpatec.ch\/fr\/wp-json\/wp\/v2\/types\/product"}],"replies":[{"embeddable":true,"href":"https:\/\/verpatec.ch\/fr\/wp-json\/wp\/v2\/comments?post=20624"}],"wp:featuredmedia":[{"embeddable":true,"href":"https:\/\/verpatec.ch\/fr\/wp-json\/wp\/v2\/media\/20628"}],"wp:attachment":[{"href":"https:\/\/verpatec.ch\/fr\/wp-json\/wp\/v2\/media?parent=20624"}],"wp:term":[{"taxonomy":"product_brand","embeddable":true,"href":"https:\/\/verpatec.ch\/fr\/wp-json\/wp\/v2\/product_brand?post=20624"},{"taxonomy":"product_cat","embeddable":true,"href":"https:\/\/verpatec.ch\/fr\/wp-json\/wp\/v2\/product_cat?post=20624"},{"taxonomy":"product_tag","embeddable":true,"href":"https:\/\/verpatec.ch\/fr\/wp-json\/wp\/v2\/product_tag?post=20624"}],"curies":[{"name":"wp","href":"https:\/\/api.w.org\/{rel}","templated":true}]}}