{"id":20608,"date":"2024-11-22T22:23:10","date_gmt":"2024-11-22T21:23:12","guid":{"rendered":"https:\/\/verpatec.ch\/produkt\/atecase-pour-20-ipad-22mmchargement\/"},"modified":"2024-11-22T22:23:12","modified_gmt":"2024-11-22T21:23:12","slug":"atecase-pour-20-ipad-22mmchargement","status":"publish","type":"product","link":"https:\/\/verpatec.ch\/fr\/produit\/atecase-pour-20-ipad-22mmchargement\/","title":{"rendered":"Atecase pour 20 iPad (22mm)+chargement"},"content":{"rendered":"","protected":false},"excerpt":{"rendered":"<p>Valise \u00e0 roulettes robuste type ATECASE 10 avec des dimensions ext\u00e9rieures de 610x470x400mm avec des roulettes et une poign\u00e9e extensible. Couleur gris anthracite, fentes d'a\u00e9ration dans le couvercle et encoche pour le raccordement de 10A sur le c\u00f4t\u00e9 droit.<\/p>\n","protected":false},"featured_media":24778,"comment_status":"open","ping_status":"closed","template":"","meta":{"inline_featured_image":false},"product_brand":[],"product_cat":[391],"product_tag":[],"class_list":{"0":"post-20608","1":"product","2":"type-product","3":"status-publish","4":"has-post-thumbnail","6":"product_cat-atecase-tablet-und-ipad-ladekoffer-fr","7":"product_shipping_class-postpaket-3-fr","8":"post-wrapper","10":"first","11":"instock","12":"taxable","13":"shipping-taxable","14":"purchasable","15":"product-type-simple"},"_links":{"self":[{"href":"https:\/\/verpatec.ch\/fr\/wp-json\/wp\/v2\/product\/20608","targetHints":{"allow":["GET"]}}],"collection":[{"href":"https:\/\/verpatec.ch\/fr\/wp-json\/wp\/v2\/product"}],"about":[{"href":"https:\/\/verpatec.ch\/fr\/wp-json\/wp\/v2\/types\/product"}],"replies":[{"embeddable":true,"href":"https:\/\/verpatec.ch\/fr\/wp-json\/wp\/v2\/comments?post=20608"}],"wp:featuredmedia":[{"embeddable":true,"href":"https:\/\/verpatec.ch\/fr\/wp-json\/wp\/v2\/media\/24778"}],"wp:attachment":[{"href":"https:\/\/verpatec.ch\/fr\/wp-json\/wp\/v2\/media?parent=20608"}],"wp:term":[{"taxonomy":"product_brand","embeddable":true,"href":"https:\/\/verpatec.ch\/fr\/wp-json\/wp\/v2\/product_brand?post=20608"},{"taxonomy":"product_cat","embeddable":true,"href":"https:\/\/verpatec.ch\/fr\/wp-json\/wp\/v2\/product_cat?post=20608"},{"taxonomy":"product_tag","embeddable":true,"href":"https:\/\/verpatec.ch\/fr\/wp-json\/wp\/v2\/product_tag?post=20608"}],"curies":[{"name":"wp","href":"https:\/\/api.w.org\/{rel}","templated":true}]}}