{"id":20604,"date":"2024-11-22T22:22:58","date_gmt":"2024-11-22T21:23:00","guid":{"rendered":"https:\/\/verpatec.ch\/produkt\/softbag-bleu-gris-pour-5-tablettes-28mmchargement-usb-a-c\/"},"modified":"2024-11-22T22:23:00","modified_gmt":"2024-11-22T21:23:00","slug":"softbag-bleu-gris-pour-5-tablettes-28mmchargement-usb-a-c","status":"publish","type":"product","link":"https:\/\/verpatec.ch\/fr\/produit\/softbag-bleu-gris-pour-5-tablettes-28mmchargement-usb-a-c\/","title":{"rendered":"Softbag bleu\/gris pour 5 tablettes (28mm)+Chargement USB-A\/C"},"content":{"rendered":"","protected":false},"excerpt":{"rendered":"<p>Softbag bleu\/gris, avec garniture en mousse pour 5 appareils<\/p>\n<p>Chargement en USB-A ou USB-C (150W)<br \/>AC 100-240V 2.8A 50\/60HZ<br \/>Hub de charge rapide avec 5 ports USB PD 3.0 et QC 3.0.<br \/>Protection contre la surcharge, la surchauffe, la surtension et<br \/>les courts-circuits pour garantir la s\u00e9curit\u00e9 de vos appareils.<\/p>\n<p>Couvercle rabattable avec bouton-pression \u00e0 l'arri\u00e8re, avec plaque en plastique cousue dans le couvercle, fermeture \u00e9clair pour fermer le sac. <br \/>Dimensions exterieur env. 400x210x350<br \/>\u00c0 partir de 20 Pcs possibilit\u00e9 d'avoir un logo personnalis\u00e9 monochrome<\/p>\n<p>Dimensions des compartiments : 230 x 28 x 290 mm<br \/>Poids : env. 2,2 kg, avec insert en mousse, sans appareils<\/p>\n","protected":false},"featured_media":24915,"comment_status":"open","ping_status":"closed","template":"","meta":{"inline_featured_image":false},"product_brand":[],"product_cat":[393,391],"product_tag":[],"class_list":{"0":"post-20604","1":"product","2":"type-product","3":"status-publish","4":"has-post-thumbnail","6":"product_cat-atecase-notebook-laptop-ipad-und-tablet-ladewagen-fr","7":"product_cat-atecase-tablet-und-ipad-ladekoffer-fr","8":"product_shipping_class-postpaket-2-fr","9":"post-wrapper","11":"first","12":"onbackorder","13":"taxable","14":"shipping-taxable","15":"purchasable","16":"product-type-simple"},"_links":{"self":[{"href":"https:\/\/verpatec.ch\/fr\/wp-json\/wp\/v2\/product\/20604","targetHints":{"allow":["GET"]}}],"collection":[{"href":"https:\/\/verpatec.ch\/fr\/wp-json\/wp\/v2\/product"}],"about":[{"href":"https:\/\/verpatec.ch\/fr\/wp-json\/wp\/v2\/types\/product"}],"replies":[{"embeddable":true,"href":"https:\/\/verpatec.ch\/fr\/wp-json\/wp\/v2\/comments?post=20604"}],"wp:featuredmedia":[{"embeddable":true,"href":"https:\/\/verpatec.ch\/fr\/wp-json\/wp\/v2\/media\/24915"}],"wp:attachment":[{"href":"https:\/\/verpatec.ch\/fr\/wp-json\/wp\/v2\/media?parent=20604"}],"wp:term":[{"taxonomy":"product_brand","embeddable":true,"href":"https:\/\/verpatec.ch\/fr\/wp-json\/wp\/v2\/product_brand?post=20604"},{"taxonomy":"product_cat","embeddable":true,"href":"https:\/\/verpatec.ch\/fr\/wp-json\/wp\/v2\/product_cat?post=20604"},{"taxonomy":"product_tag","embeddable":true,"href":"https:\/\/verpatec.ch\/fr\/wp-json\/wp\/v2\/product_tag?post=20604"}],"curies":[{"name":"wp","href":"https:\/\/api.w.org\/{rel}","templated":true}]}}