{"id":20540,"date":"2024-11-21T16:52:20","date_gmt":"2024-11-21T15:52:24","guid":{"rendered":"https:\/\/verpatec.ch\/produkt\/atebox-pour-10-ipad-19mmventilateurchargeur-usb-c-200w\/"},"modified":"2026-03-11T12:02:29","modified_gmt":"2026-03-11T11:02:29","slug":"atebox-pour-10-ipad-19mmventilateurchargeur-usb-c-200w","status":"publish","type":"product","link":"https:\/\/verpatec.ch\/fr\/produit\/atebox-pour-10-ipad-19mmventilateurchargeur-usb-c-200w\/","title":{"rendered":"ateBox pour 10 iPad (19mm)+ventilateur+chargeur USB-C 200W"},"content":{"rendered":"","protected":false},"excerpt":{"rendered":"<p>Mallette robuste \u00e0 coque dure ateBox avec des dimensions ext\u00e9rieures de 396x296x340mm, poign\u00e9es sur le couvercle et lat\u00e9rales, couleur noire, avec ventilateur, raccordement (10A) sur le c\u00f4t\u00e9 droit.<br \/>La charge se fait par un chargeur USB-C int\u00e9gr\u00e9 dans la partie inf\u00e9rieure.<br \/>Poids : env. 3,8 kg, avec garniture en mousse.<\/p>\n<p>Interrupteur avec fusible (10A)<br \/>QC 3.0 Chargeur rapide USB-C,  (200W)<br \/>Ventilateur axial<br \/>Cadenas<\/p>\n<p>Sont int\u00e9gr\u00e9s dans la livraison.<\/p>\n","protected":false},"featured_media":20543,"comment_status":"open","ping_status":"closed","template":"","meta":{"inline_featured_image":false},"product_brand":[],"product_cat":[75],"product_tag":[],"class_list":{"0":"post-20540","1":"product","2":"type-product","3":"status-publish","4":"has-post-thumbnail","6":"product_cat-conteneurs","7":"product_shipping_class-postpaket-2-fr","8":"post-wrapper","10":"first","11":"onbackorder","12":"taxable","13":"shipping-taxable","14":"purchasable","15":"product-type-simple"},"_links":{"self":[{"href":"https:\/\/verpatec.ch\/fr\/wp-json\/wp\/v2\/product\/20540","targetHints":{"allow":["GET"]}}],"collection":[{"href":"https:\/\/verpatec.ch\/fr\/wp-json\/wp\/v2\/product"}],"about":[{"href":"https:\/\/verpatec.ch\/fr\/wp-json\/wp\/v2\/types\/product"}],"replies":[{"embeddable":true,"href":"https:\/\/verpatec.ch\/fr\/wp-json\/wp\/v2\/comments?post=20540"}],"wp:featuredmedia":[{"embeddable":true,"href":"https:\/\/verpatec.ch\/fr\/wp-json\/wp\/v2\/media\/20543"}],"wp:attachment":[{"href":"https:\/\/verpatec.ch\/fr\/wp-json\/wp\/v2\/media?parent=20540"}],"wp:term":[{"taxonomy":"product_brand","embeddable":true,"href":"https:\/\/verpatec.ch\/fr\/wp-json\/wp\/v2\/product_brand?post=20540"},{"taxonomy":"product_cat","embeddable":true,"href":"https:\/\/verpatec.ch\/fr\/wp-json\/wp\/v2\/product_cat?post=20540"},{"taxonomy":"product_tag","embeddable":true,"href":"https:\/\/verpatec.ch\/fr\/wp-json\/wp\/v2\/product_tag?post=20540"}],"curies":[{"name":"wp","href":"https:\/\/api.w.org\/{rel}","templated":true}]}}