{"id":20256,"date":"2024-11-15T10:24:53","date_gmt":"2024-11-15T09:24:54","guid":{"rendered":"https:\/\/verpatec.ch\/produkt\/k-424-xc-mobil-box-im-910x350x380mm\/"},"modified":"2025-01-10T08:43:11","modified_gmt":"2025-01-10T07:43:11","slug":"k-424-xc-mobil-box-im-910x350x380mm","status":"publish","type":"product","link":"https:\/\/verpatec.ch\/fr\/produit\/k-424-xc-mobil-box-im-910x350x380mm\/","title":{"rendered":"K 424 XC Mobil Box IM: 910x350x380mm 41815"},"content":{"rendered":"","protected":false},"excerpt":{"rendered":"<p>Description du produit :<\/p>\n<p>Cette caisse en aluminium robuste de 960 x 400 x 455 mm et d'un volume de 120 l offre mobilit\u00e9 et protection pour le transport. Elle dispose d'une poign\u00e9e \u00e0 ressort suppl\u00e9mentaire comme poign\u00e9e de traction et de roulettes de 50 mm pour un transport facile. Les moulures p\u00e9riph\u00e9riques et les coins assurent la stabilit\u00e9 dimensionnelle, tandis que le joint de couvercle en mousse prot\u00e8ge de la poussi\u00e8re. Les fermetures confort et les coins de gerbage robustes compl\u00e8tent l'\u00e9quipement.<\/p>\n<p>Caract\u00e9ristiques du produit :<\/p>\n<p>Dimensions ext\u00e9rieures (L x l x H) : 960 x 400 x 455 mm<br \/>Dimensions int\u00e9rieures (LxlxH) : 910 x 350 x 380 mm<br \/>Volume : 120 l<br \/>poids : 9,5 kg<br \/>Mat\u00e9riau : aluminium<br \/>Roulettes int\u00e9gr\u00e9es : Oui, diam\u00e8tre des roulettes 50 mm<\/p>\n","protected":false},"featured_media":20746,"comment_status":"open","ping_status":"closed","template":"","meta":{"inline_featured_image":false},"product_brand":[],"product_cat":[75,78],"product_tag":[],"class_list":{"0":"post-20256","1":"product","2":"type-product","3":"status-publish","4":"has-post-thumbnail","6":"product_cat-conteneurs","7":"product_cat-conteneur-en-aluminium","8":"product_shipping_class-postpaket-2-fr","9":"post-wrapper","11":"first","12":"instock","13":"taxable","14":"shipping-taxable","15":"purchasable","16":"product-type-simple"},"_links":{"self":[{"href":"https:\/\/verpatec.ch\/fr\/wp-json\/wp\/v2\/product\/20256","targetHints":{"allow":["GET"]}}],"collection":[{"href":"https:\/\/verpatec.ch\/fr\/wp-json\/wp\/v2\/product"}],"about":[{"href":"https:\/\/verpatec.ch\/fr\/wp-json\/wp\/v2\/types\/product"}],"replies":[{"embeddable":true,"href":"https:\/\/verpatec.ch\/fr\/wp-json\/wp\/v2\/comments?post=20256"}],"wp:featuredmedia":[{"embeddable":true,"href":"https:\/\/verpatec.ch\/fr\/wp-json\/wp\/v2\/media\/20746"}],"wp:attachment":[{"href":"https:\/\/verpatec.ch\/fr\/wp-json\/wp\/v2\/media?parent=20256"}],"wp:term":[{"taxonomy":"product_brand","embeddable":true,"href":"https:\/\/verpatec.ch\/fr\/wp-json\/wp\/v2\/product_brand?post=20256"},{"taxonomy":"product_cat","embeddable":true,"href":"https:\/\/verpatec.ch\/fr\/wp-json\/wp\/v2\/product_cat?post=20256"},{"taxonomy":"product_tag","embeddable":true,"href":"https:\/\/verpatec.ch\/fr\/wp-json\/wp\/v2\/product_tag?post=20256"}],"curies":[{"name":"wp","href":"https:\/\/api.w.org\/{rel}","templated":true}]}}