{"id":20253,"date":"2024-11-15T10:24:48","date_gmt":"2024-11-15T09:24:49","guid":{"rendered":"https:\/\/verpatec.ch\/produkt\/k-424-xc-mobil-box-im-750x635x410mm\/"},"modified":"2025-05-09T10:44:32","modified_gmt":"2025-05-09T08:44:32","slug":"k-424-xc-mobil-box-im-750x635x410mm","status":"publish","type":"product","link":"https:\/\/verpatec.ch\/fr\/produit\/k-424-xc-mobil-box-im-750x635x410mm\/","title":{"rendered":"K 424 XC Mobil Box IM: 750x635x410mm 41814"},"content":{"rendered":"","protected":false},"excerpt":{"rendered":"<p>Description du produit :<\/p>\n<p>Cette caisse spacieuse en aluminium de 800 x 685 x 485 mm et d'un volume de 195 l offre mobilit\u00e9 et stabilit\u00e9. La poign\u00e9e de traction en 2 parties et les roulettes de 50 mm assurent un transport facile. Les moulures p\u00e9riph\u00e9riques et les coins offrent une grande stabilit\u00e9 dimensionnelle, tandis que le joint de couvercle en mousse garantit une protection optimale contre la poussi\u00e8re. \u00c9quip\u00e9 de fermetures confort durables et de coins de gerbage r\u00e9sistants, il est un compagnon fiable.<\/p>\n<p>Caract\u00e9ristiques du produit :<\/p>\n<p>Dimensions ext\u00e9rieures (L x l x H) : 800 x 685 x 485 mm<br \/>Dimensions int\u00e9rieures (LxlxH) : 750 x 635 x 410 mm<br \/>Volume : 195 l<br \/>Poids : 12 kg<br \/>Mat\u00e9riau : aluminium<br \/>Roulettes int\u00e9gr\u00e9es : Oui, diam\u00e8tre des roulettes 50 mm<\/p>\n","protected":false},"featured_media":20723,"comment_status":"open","ping_status":"closed","template":"","meta":{"inline_featured_image":false},"product_brand":[],"product_cat":[75,78],"product_tag":[],"class_list":{"0":"post-20253","1":"product","2":"type-product","3":"status-publish","4":"has-post-thumbnail","6":"product_cat-conteneurs","7":"product_cat-conteneur-en-aluminium","8":"product_shipping_class-postpaket-3-fr","9":"post-wrapper","11":"first","12":"instock","13":"taxable","14":"shipping-taxable","15":"purchasable","16":"product-type-simple"},"_links":{"self":[{"href":"https:\/\/verpatec.ch\/fr\/wp-json\/wp\/v2\/product\/20253","targetHints":{"allow":["GET"]}}],"collection":[{"href":"https:\/\/verpatec.ch\/fr\/wp-json\/wp\/v2\/product"}],"about":[{"href":"https:\/\/verpatec.ch\/fr\/wp-json\/wp\/v2\/types\/product"}],"replies":[{"embeddable":true,"href":"https:\/\/verpatec.ch\/fr\/wp-json\/wp\/v2\/comments?post=20253"}],"wp:featuredmedia":[{"embeddable":true,"href":"https:\/\/verpatec.ch\/fr\/wp-json\/wp\/v2\/media\/20723"}],"wp:attachment":[{"href":"https:\/\/verpatec.ch\/fr\/wp-json\/wp\/v2\/media?parent=20253"}],"wp:term":[{"taxonomy":"product_brand","embeddable":true,"href":"https:\/\/verpatec.ch\/fr\/wp-json\/wp\/v2\/product_brand?post=20253"},{"taxonomy":"product_cat","embeddable":true,"href":"https:\/\/verpatec.ch\/fr\/wp-json\/wp\/v2\/product_cat?post=20253"},{"taxonomy":"product_tag","embeddable":true,"href":"https:\/\/verpatec.ch\/fr\/wp-json\/wp\/v2\/product_tag?post=20253"}],"curies":[{"name":"wp","href":"https:\/\/api.w.org\/{rel}","templated":true}]}}