{"id":20250,"date":"2024-11-15T10:24:34","date_gmt":"2024-11-15T09:24:45","guid":{"rendered":"https:\/\/verpatec.ch\/produkt\/k-424-xc-mobil-box-im-750x350x380mm\/"},"modified":"2025-01-10T08:42:54","modified_gmt":"2025-01-10T07:42:54","slug":"k-424-xc-mobil-box-im-750x350x380mm","status":"publish","type":"product","link":"https:\/\/verpatec.ch\/fr\/produit\/k-424-xc-mobil-box-im-750x350x380mm\/","title":{"rendered":"K 424 XC Mobil Box IM: 750x350x380mm 41812"},"content":{"rendered":"","protected":false},"excerpt":{"rendered":"<p>Description du produit :<\/p>\n<p>Cette bo\u00eete robuste en aluminium de 800 x 400 x 455 mm et d'un volume de 99 l offre une protection et une mobilit\u00e9 optimales. \u00c9quip\u00e9e d'une poign\u00e9e de traction int\u00e9gr\u00e9e en 2 parties et de roulettes de 50 mm, elle est id\u00e9ale pour un transport flexible. Le joint de couvercle en mousse ainsi que les moulures p\u00e9riph\u00e9riques et les coins assurent une grande stabilit\u00e9 et une protection contre la poussi\u00e8re. Des fermetures confort et des coins de gerbage r\u00e9sistants compl\u00e8tent l'\u00e9quipement.<\/p>\n<p>Caract\u00e9ristiques du produit :<\/p>\n<p>Dimensions ext\u00e9rieures (L x l x H) : 800 x 400 x 455 mm<br \/>Dimensions int\u00e9rieures (LxlxH) : 750 x 350 x 380 mm<br \/>Volume : 99 l<br \/>Poids : 9 kg<br \/>Mat\u00e9riau : aluminium<br \/>Roulettes int\u00e9gr\u00e9es : Oui, diam\u00e8tre des roulettes 50 mm<\/p>\n","protected":false},"featured_media":20714,"comment_status":"open","ping_status":"closed","template":"","meta":{"inline_featured_image":false},"product_brand":[],"product_cat":[75,78],"product_tag":[],"class_list":{"0":"post-20250","1":"product","2":"type-product","3":"status-publish","4":"has-post-thumbnail","6":"product_cat-conteneurs","7":"product_cat-conteneur-en-aluminium","8":"product_shipping_class-postpaket-2-fr","9":"post-wrapper","11":"first","12":"instock","13":"taxable","14":"shipping-taxable","15":"purchasable","16":"product-type-simple"},"_links":{"self":[{"href":"https:\/\/verpatec.ch\/fr\/wp-json\/wp\/v2\/product\/20250","targetHints":{"allow":["GET"]}}],"collection":[{"href":"https:\/\/verpatec.ch\/fr\/wp-json\/wp\/v2\/product"}],"about":[{"href":"https:\/\/verpatec.ch\/fr\/wp-json\/wp\/v2\/types\/product"}],"replies":[{"embeddable":true,"href":"https:\/\/verpatec.ch\/fr\/wp-json\/wp\/v2\/comments?post=20250"}],"wp:featuredmedia":[{"embeddable":true,"href":"https:\/\/verpatec.ch\/fr\/wp-json\/wp\/v2\/media\/20714"}],"wp:attachment":[{"href":"https:\/\/verpatec.ch\/fr\/wp-json\/wp\/v2\/media?parent=20250"}],"wp:term":[{"taxonomy":"product_brand","embeddable":true,"href":"https:\/\/verpatec.ch\/fr\/wp-json\/wp\/v2\/product_brand?post=20250"},{"taxonomy":"product_cat","embeddable":true,"href":"https:\/\/verpatec.ch\/fr\/wp-json\/wp\/v2\/product_cat?post=20250"},{"taxonomy":"product_tag","embeddable":true,"href":"https:\/\/verpatec.ch\/fr\/wp-json\/wp\/v2\/product_tag?post=20250"}],"curies":[{"name":"wp","href":"https:\/\/api.w.org\/{rel}","templated":true}]}}