{"id":20247,"date":"2024-11-15T10:24:29","date_gmt":"2024-11-15T09:24:30","guid":{"rendered":"https:\/\/verpatec.ch\/produkt\/k-424-xc-mobil-box-im-550x350x310mm\/"},"modified":"2025-01-10T08:42:49","modified_gmt":"2025-01-10T07:42:49","slug":"k-424-xc-mobil-box-im-550x350x310mm","status":"publish","type":"product","link":"https:\/\/verpatec.ch\/fr\/produit\/k-424-xc-mobil-box-im-550x350x310mm\/","title":{"rendered":"K 424 XC Mobil Box IM: 550x350x310mm 41811"},"content":{"rendered":"","protected":false},"excerpt":{"rendered":"<p>Description du produit :<\/p>\n<p>La caisse ZARGES est une caisse robuste en aluminium avec des roulettes int\u00e9gr\u00e9es et une poign\u00e9e de traction en 3 parties pour une mobilit\u00e9 optimale. Le syst\u00e8me d'\u00e9tanch\u00e9it\u00e9 du couvercle en mousse offre une protection contre la poussi\u00e8re et les projections d'eau. Les moulures p\u00e9riph\u00e9riques et les coins d'angle conf\u00e8rent une stabilit\u00e9 de forme suppl\u00e9mentaire. Les fermetures confort assurent une manipulation simple et s\u00fbre, tandis que les coins de gerbage garantissent un empilage fiable.<\/p>\n<p>Caract\u00e9ristiques du produit :<\/p>\n<p>Dimensions ext\u00e9rieures (L x l x H) : 600 x 400 x 385 mm<br \/>Dimensions int\u00e9rieures (LxlxH) : 550 x 350 x 310 mm<br \/>Volume : 60 l<br \/>poids : 7,3 kg<br \/>Mat\u00e9riau : aluminium<br \/>Roulettes int\u00e9gr\u00e9es : Oui, diam\u00e8tre des roulettes 50 mm<\/p>\n","protected":false},"featured_media":20666,"comment_status":"open","ping_status":"closed","template":"","meta":{"inline_featured_image":false},"product_brand":[],"product_cat":[75,78],"product_tag":[],"class_list":{"0":"post-20247","1":"product","2":"type-product","3":"status-publish","4":"has-post-thumbnail","6":"product_cat-conteneurs","7":"product_cat-conteneur-en-aluminium","8":"product_shipping_class-postpaket-2-fr","9":"post-wrapper","11":"first","12":"instock","13":"taxable","14":"shipping-taxable","15":"purchasable","16":"product-type-simple"},"_links":{"self":[{"href":"https:\/\/verpatec.ch\/fr\/wp-json\/wp\/v2\/product\/20247","targetHints":{"allow":["GET"]}}],"collection":[{"href":"https:\/\/verpatec.ch\/fr\/wp-json\/wp\/v2\/product"}],"about":[{"href":"https:\/\/verpatec.ch\/fr\/wp-json\/wp\/v2\/types\/product"}],"replies":[{"embeddable":true,"href":"https:\/\/verpatec.ch\/fr\/wp-json\/wp\/v2\/comments?post=20247"}],"wp:featuredmedia":[{"embeddable":true,"href":"https:\/\/verpatec.ch\/fr\/wp-json\/wp\/v2\/media\/20666"}],"wp:attachment":[{"href":"https:\/\/verpatec.ch\/fr\/wp-json\/wp\/v2\/media?parent=20247"}],"wp:term":[{"taxonomy":"product_brand","embeddable":true,"href":"https:\/\/verpatec.ch\/fr\/wp-json\/wp\/v2\/product_brand?post=20247"},{"taxonomy":"product_cat","embeddable":true,"href":"https:\/\/verpatec.ch\/fr\/wp-json\/wp\/v2\/product_cat?post=20247"},{"taxonomy":"product_tag","embeddable":true,"href":"https:\/\/verpatec.ch\/fr\/wp-json\/wp\/v2\/product_tag?post=20247"}],"curies":[{"name":"wp","href":"https:\/\/api.w.org\/{rel}","templated":true}]}}