{"id":20244,"date":"2024-11-15T10:24:24","date_gmt":"2024-11-15T09:24:25","guid":{"rendered":"https:\/\/verpatec.ch\/produkt\/zargesboxe-1650x750x670mm\/"},"modified":"2025-01-10T08:42:37","modified_gmt":"2025-01-10T07:42:37","slug":"zargesboxe-1650x750x670mm","status":"publish","type":"product","link":"https:\/\/verpatec.ch\/fr\/produit\/zargesboxe-1650x750x670mm\/","title":{"rendered":"Zargesboxe 1650x750x670mm 40876"},"content":{"rendered":"","protected":false},"excerpt":{"rendered":"<p>Description du produit :<\/p>\n<p>Bac en aluminium tr\u00e8s spacieux de 1.700 x 800 x 700 mm et d'un volume de 829 l, parfait pour les grands besoins de stockage et de transport. \u00c9quip\u00e9 d'un joint de couvercle en mousse, de coins de gerbage stables et de fermetures Comfort durables. Garantie de 10 ans.<\/p>\n<p>Caract\u00e9ristiques du produit :<\/p>\n<p>Dimensions ext\u00e9rieures (L x l x H) : 1.700 x 800 x 700 mm<br \/>Volume : 829 l<br \/>Poids : 30 kg<br \/>Mat\u00e9riau : aluminium<br \/>Poign\u00e9es : Poign\u00e9es \u00e0 ressort<br \/>Garantie : 10 ans<\/p>\n","protected":false},"featured_media":20530,"comment_status":"open","ping_status":"closed","template":"","meta":{"inline_featured_image":false},"product_brand":[],"product_cat":[75,78],"product_tag":[],"class_list":{"0":"post-20244","1":"product","2":"type-product","3":"status-publish","4":"has-post-thumbnail","6":"product_cat-conteneurs","7":"product_cat-conteneur-en-aluminium","8":"product_shipping_class-paquet-postal-4","9":"post-wrapper","11":"first","12":"instock","13":"taxable","14":"shipping-taxable","15":"purchasable","16":"product-type-simple"},"_links":{"self":[{"href":"https:\/\/verpatec.ch\/fr\/wp-json\/wp\/v2\/product\/20244","targetHints":{"allow":["GET"]}}],"collection":[{"href":"https:\/\/verpatec.ch\/fr\/wp-json\/wp\/v2\/product"}],"about":[{"href":"https:\/\/verpatec.ch\/fr\/wp-json\/wp\/v2\/types\/product"}],"replies":[{"embeddable":true,"href":"https:\/\/verpatec.ch\/fr\/wp-json\/wp\/v2\/comments?post=20244"}],"wp:featuredmedia":[{"embeddable":true,"href":"https:\/\/verpatec.ch\/fr\/wp-json\/wp\/v2\/media\/20530"}],"wp:attachment":[{"href":"https:\/\/verpatec.ch\/fr\/wp-json\/wp\/v2\/media?parent=20244"}],"wp:term":[{"taxonomy":"product_brand","embeddable":true,"href":"https:\/\/verpatec.ch\/fr\/wp-json\/wp\/v2\/product_brand?post=20244"},{"taxonomy":"product_cat","embeddable":true,"href":"https:\/\/verpatec.ch\/fr\/wp-json\/wp\/v2\/product_cat?post=20244"},{"taxonomy":"product_tag","embeddable":true,"href":"https:\/\/verpatec.ch\/fr\/wp-json\/wp\/v2\/product_tag?post=20244"}],"curies":[{"name":"wp","href":"https:\/\/api.w.org\/{rel}","templated":true}]}}