{"id":20223,"date":"2024-11-15T10:23:27","date_gmt":"2024-11-15T09:23:37","guid":{"rendered":"https:\/\/verpatec.ch\/produkt\/zarges-k470-im-780x480x520mm\/"},"modified":"2025-01-10T08:41:53","modified_gmt":"2025-01-10T07:41:53","slug":"zarges-k470-im-780x480x520mm","status":"publish","type":"product","link":"https:\/\/verpatec.ch\/fr\/produit\/zarges-k470-im-780x480x520mm\/","title":{"rendered":"Zarges K470 IM: 780x480x520mm 40844"},"content":{"rendered":"","protected":false},"excerpt":{"rendered":"<p>Description du produit :<\/p>\n<p>Conteneur en aluminium spacieux et stable de 830 x 530 x 550 mm et d'un volume de 195 litres. Il dispose d'un joint de couvercle en mousse, de poign\u00e9es ergonomiques \u00e0 ressort et de fermetures Comfort \u00e0 longue dur\u00e9e de vie. Indice de protection IP 65 en option. Garantie de 10 ans.<\/p>\n<p>Caract\u00e9ristiques du produit :<\/p>\n<p>Dimensions ext\u00e9rieures (L x l x H) : 830 x 530 x 550 mm<br \/>Volume : 195 l<br \/>Poids : 11,1 kg<br \/>Mat\u00e9riau : aluminium<br \/>Poign\u00e9es : Poign\u00e9es \u00e0 ressort<br \/>Garantie : 10 ans<\/p>\n","protected":false},"featured_media":20386,"comment_status":"open","ping_status":"closed","template":"","meta":{"inline_featured_image":false},"product_brand":[],"product_cat":[75,78],"product_tag":[],"class_list":{"0":"post-20223","1":"product","2":"type-product","3":"status-publish","4":"has-post-thumbnail","6":"product_cat-conteneurs","7":"product_cat-conteneur-en-aluminium","8":"product_shipping_class-postpaket-3-fr","9":"post-wrapper","11":"first","12":"instock","13":"taxable","14":"shipping-taxable","15":"purchasable","16":"product-type-simple"},"_links":{"self":[{"href":"https:\/\/verpatec.ch\/fr\/wp-json\/wp\/v2\/product\/20223","targetHints":{"allow":["GET"]}}],"collection":[{"href":"https:\/\/verpatec.ch\/fr\/wp-json\/wp\/v2\/product"}],"about":[{"href":"https:\/\/verpatec.ch\/fr\/wp-json\/wp\/v2\/types\/product"}],"replies":[{"embeddable":true,"href":"https:\/\/verpatec.ch\/fr\/wp-json\/wp\/v2\/comments?post=20223"}],"wp:featuredmedia":[{"embeddable":true,"href":"https:\/\/verpatec.ch\/fr\/wp-json\/wp\/v2\/media\/20386"}],"wp:attachment":[{"href":"https:\/\/verpatec.ch\/fr\/wp-json\/wp\/v2\/media?parent=20223"}],"wp:term":[{"taxonomy":"product_brand","embeddable":true,"href":"https:\/\/verpatec.ch\/fr\/wp-json\/wp\/v2\/product_brand?post=20223"},{"taxonomy":"product_cat","embeddable":true,"href":"https:\/\/verpatec.ch\/fr\/wp-json\/wp\/v2\/product_cat?post=20223"},{"taxonomy":"product_tag","embeddable":true,"href":"https:\/\/verpatec.ch\/fr\/wp-json\/wp\/v2\/product_tag?post=20223"}],"curies":[{"name":"wp","href":"https:\/\/api.w.org\/{rel}","templated":true}]}}