{"id":20196,"date":"2024-11-15T10:22:21","date_gmt":"2024-11-15T09:22:22","guid":{"rendered":"https:\/\/verpatec.ch\/produkt\/zarges-k470-im-350x250x310mm\/"},"modified":"2025-01-10T08:40:55","modified_gmt":"2025-01-10T07:40:55","slug":"zarges-k470-im-350x250x310mm","status":"publish","type":"product","link":"https:\/\/verpatec.ch\/fr\/produit\/zarges-k470-im-350x250x310mm\/","title":{"rendered":"Zarges K470 IM: 350x250x310mm 40677"},"content":{"rendered":"","protected":false},"excerpt":{"rendered":"<p>Description du produit<\/p>\n<p>La caisse universelle ZARGES K470 offre un transport s\u00fbr et un stockage peu encombrant gr\u00e2ce \u00e0 ses coins de gerbage robustes en fonte d'aluminium. Elle dispose d'un joint de couvercle en mousse sur tout le pourtour qui offre une protection contre la poussi\u00e8re et l'humidit\u00e9 (IP 65 ou IP 67 en option). Les poign\u00e9es ergonomiques et les fermetures Comfort durables sont \u00e9galement id\u00e9ales pour une utilisation avec des gants et garantissent au moins 20.000 activations. Les parois en t\u00f4le extra-\u00e9paisse de 1,5 mm offrent une stabilit\u00e9 suppl\u00e9mentaire.<\/p>\n<p>Voici les 10 principales caract\u00e9ristiques du produit Caisse universelle ZARGES (art. n\u00b0 40677) :<\/p>\n<p>Dimensions ext\u00e9rieures (L x l x H) : 400 mm \u00d7 300 mm \u00d7 340 mm<br \/>Dimensions int\u00e9rieures (L x l x H) : 350 mm \u00d7 250 mm \u00d7 310 mm<br \/>poids : 3,1 kg<br \/>Volume : 27 l<br \/>Mat\u00e9riau : aluminium<br \/>Joint : Joint de couvercle en mousse<br \/>Poign\u00e9es : Poign\u00e9es \u00e0 ressort<br \/>Fermetures : Fermetures confort<br \/>Max. Masse brute pour marchandises dangereuses : 45 kg<br \/>Couleur des coins de gerbage : Aluminium, naturel<\/p>\n","protected":false},"featured_media":20429,"comment_status":"open","ping_status":"closed","template":"","meta":{"inline_featured_image":false},"product_brand":[],"product_cat":[75,78],"product_tag":[],"class_list":{"0":"post-20196","1":"product","2":"type-product","3":"status-publish","4":"has-post-thumbnail","6":"product_cat-conteneurs","7":"product_cat-conteneur-en-aluminium","8":"product_shipping_class-postpaket-2-fr","9":"post-wrapper","11":"first","12":"instock","13":"taxable","14":"shipping-taxable","15":"purchasable","16":"product-type-simple"},"_links":{"self":[{"href":"https:\/\/verpatec.ch\/fr\/wp-json\/wp\/v2\/product\/20196","targetHints":{"allow":["GET"]}}],"collection":[{"href":"https:\/\/verpatec.ch\/fr\/wp-json\/wp\/v2\/product"}],"about":[{"href":"https:\/\/verpatec.ch\/fr\/wp-json\/wp\/v2\/types\/product"}],"replies":[{"embeddable":true,"href":"https:\/\/verpatec.ch\/fr\/wp-json\/wp\/v2\/comments?post=20196"}],"wp:featuredmedia":[{"embeddable":true,"href":"https:\/\/verpatec.ch\/fr\/wp-json\/wp\/v2\/media\/20429"}],"wp:attachment":[{"href":"https:\/\/verpatec.ch\/fr\/wp-json\/wp\/v2\/media?parent=20196"}],"wp:term":[{"taxonomy":"product_brand","embeddable":true,"href":"https:\/\/verpatec.ch\/fr\/wp-json\/wp\/v2\/product_brand?post=20196"},{"taxonomy":"product_cat","embeddable":true,"href":"https:\/\/verpatec.ch\/fr\/wp-json\/wp\/v2\/product_cat?post=20196"},{"taxonomy":"product_tag","embeddable":true,"href":"https:\/\/verpatec.ch\/fr\/wp-json\/wp\/v2\/product_tag?post=20196"}],"curies":[{"name":"wp","href":"https:\/\/api.w.org\/{rel}","templated":true}]}}