{"id":20193,"date":"2024-11-15T10:22:16","date_gmt":"2024-11-15T09:22:17","guid":{"rendered":"https:\/\/verpatec.ch\/produkt\/zarges-k470-im-350x250x150mm\/"},"modified":"2025-01-10T08:40:47","modified_gmt":"2025-01-10T07:40:47","slug":"zarges-k470-im-350x250x150mm","status":"publish","type":"product","link":"https:\/\/verpatec.ch\/fr\/produit\/zarges-k470-im-350x250x150mm\/","title":{"rendered":"Zarges K470 IM: 350x250x150mm 40835"},"content":{"rendered":"","protected":false},"excerpt":{"rendered":"<p>Description du produit<\/p>\n<p>La caisse universelle ZARGES K470 offre un transport s\u00fbr et un stockage peu encombrant gr\u00e2ce \u00e0 ses coins de gerbage robustes en fonte d'aluminium. Elle dispose d'un joint de couvercle mouss\u00e9 sur tout le pourtour qui offre une protection contre la poussi\u00e8re et l'humidit\u00e9 (IP 65 ou IP 67 en option). Les poign\u00e9es ergonomiques et les fermetures Comfort durables sont \u00e9galement id\u00e9ales pour une utilisation avec des gants et garantissent au moins 20.000 activations. Les parois en t\u00f4le extra-\u00e9paisse de 1,5 mm offrent une stabilit\u00e9 suppl\u00e9mentaire.<br \/>Voici les caract\u00e9ristiques du produit pour la caisse universelle ZARGES K470, mod\u00e8le 40835 :<\/p>\n<p>Dimensions ext\u00e9rieures (L x l x H) : 400 mm \u00d7 300 mm \u00d7 180 mm<br \/>Joint d'\u00e9tanch\u00e9it\u00e9 : Joint de couvercle en mousse<br \/>Dimensions de passage libre : env. 30 mm de moins que les dimensions int\u00e9rieures<br \/>Degr\u00e9 de protection : IP 65 (moyennant suppl\u00e9ment)<br \/>Poids : 2,6 kg<br \/>Poign\u00e9es : Poign\u00e9es \u00e0 ressort<br \/>Dimensions int\u00e9rieures (L x l x H) : 350 mm \u00d7 250 mm \u00d7 150 mm<br \/>Mat\u00e9riau : aluminium<br \/>Volume : 13 litres<\/p>\n","protected":false},"featured_media":20330,"comment_status":"open","ping_status":"closed","template":"","meta":{"inline_featured_image":false},"product_brand":[],"product_cat":[75,78],"product_tag":[],"class_list":{"0":"post-20193","1":"product","2":"type-product","3":"status-publish","4":"has-post-thumbnail","6":"product_cat-conteneurs","7":"product_cat-conteneur-en-aluminium","8":"product_shipping_class-postpaket-2-fr","9":"post-wrapper","11":"first","12":"instock","13":"taxable","14":"shipping-taxable","15":"purchasable","16":"product-type-simple"},"_links":{"self":[{"href":"https:\/\/verpatec.ch\/fr\/wp-json\/wp\/v2\/product\/20193","targetHints":{"allow":["GET"]}}],"collection":[{"href":"https:\/\/verpatec.ch\/fr\/wp-json\/wp\/v2\/product"}],"about":[{"href":"https:\/\/verpatec.ch\/fr\/wp-json\/wp\/v2\/types\/product"}],"replies":[{"embeddable":true,"href":"https:\/\/verpatec.ch\/fr\/wp-json\/wp\/v2\/comments?post=20193"}],"wp:featuredmedia":[{"embeddable":true,"href":"https:\/\/verpatec.ch\/fr\/wp-json\/wp\/v2\/media\/20330"}],"wp:attachment":[{"href":"https:\/\/verpatec.ch\/fr\/wp-json\/wp\/v2\/media?parent=20193"}],"wp:term":[{"taxonomy":"product_brand","embeddable":true,"href":"https:\/\/verpatec.ch\/fr\/wp-json\/wp\/v2\/product_brand?post=20193"},{"taxonomy":"product_cat","embeddable":true,"href":"https:\/\/verpatec.ch\/fr\/wp-json\/wp\/v2\/product_cat?post=20193"},{"taxonomy":"product_tag","embeddable":true,"href":"https:\/\/verpatec.ch\/fr\/wp-json\/wp\/v2\/product_tag?post=20193"}],"curies":[{"name":"wp","href":"https:\/\/api.w.org\/{rel}","templated":true}]}}