{"id":20190,"date":"2024-11-15T10:22:11","date_gmt":"2024-11-15T09:22:12","guid":{"rendered":"https:\/\/verpatec.ch\/produkt\/eurobox-im-1150x250x220mm\/"},"modified":"2025-01-10T08:40:40","modified_gmt":"2025-01-10T07:40:40","slug":"eurobox-im-1150x250x220mm","status":"publish","type":"product","link":"https:\/\/verpatec.ch\/fr\/produit\/eurobox-im-1150x250x220mm\/","title":{"rendered":"Eurobox IM: 1150x250x220mm 40710"},"content":{"rendered":"","protected":false},"excerpt":{"rendered":"<p>L'Eurobox 40710 de Zarges offre un empilage fiable gr\u00e2ce \u00e0 des coins d'empilage en plastique cyan r\u00e9sistant aux chocs et \u00e0 un joint de couvercle durable, inject\u00e9 de mousse sur tout le pourtour, qui garantit une protection contre la poussi\u00e8re et les projections d'eau. Avec des profil\u00e9s de haute qualit\u00e9 enti\u00e8rement soud\u00e9s, des coins et des rivets pleins, elle assure une grande stabilit\u00e9 et une longue dur\u00e9e de vie. Les poign\u00e9es et les fermetures ergonomiques ZARGES Comfort facilitent la manipulation et offrent une capacit\u00e9 de charge allant jusqu'\u00e0 50 kg. La caisse est adapt\u00e9e aux dimensions des palettes selon la norme DIN 15 141, ce qui facilite le stockage et la manipulation.<\/p>\n<p>Caract\u00e9ristiques du produit :<\/p>\n<p>Dimensions ext\u00e9rieures (L x l x H) : 1200 mm \u00d7 300 mm \u00d7 250 mm<br \/>Joint : Joint de couvercle en mousse<br \/>Coins de coin : Oui<br \/>Couleur des coins de gerbage : cyan<br \/>Poids : 6,3 kg<br \/>Poign\u00e9es : Poign\u00e9es \u00e0 ressort<\/p>\n","protected":false},"featured_media":20460,"comment_status":"open","ping_status":"closed","template":"","meta":{"inline_featured_image":false},"product_brand":[],"product_cat":[75,78],"product_tag":[],"class_list":{"0":"post-20190","1":"product","2":"type-product","3":"status-publish","4":"has-post-thumbnail","6":"product_cat-conteneurs","7":"product_cat-conteneur-en-aluminium","8":"product_shipping_class-postpaket-2-fr","9":"post-wrapper","11":"first","12":"instock","13":"taxable","14":"shipping-taxable","15":"purchasable","16":"product-type-simple"},"_links":{"self":[{"href":"https:\/\/verpatec.ch\/fr\/wp-json\/wp\/v2\/product\/20190","targetHints":{"allow":["GET"]}}],"collection":[{"href":"https:\/\/verpatec.ch\/fr\/wp-json\/wp\/v2\/product"}],"about":[{"href":"https:\/\/verpatec.ch\/fr\/wp-json\/wp\/v2\/types\/product"}],"replies":[{"embeddable":true,"href":"https:\/\/verpatec.ch\/fr\/wp-json\/wp\/v2\/comments?post=20190"}],"wp:featuredmedia":[{"embeddable":true,"href":"https:\/\/verpatec.ch\/fr\/wp-json\/wp\/v2\/media\/20460"}],"wp:attachment":[{"href":"https:\/\/verpatec.ch\/fr\/wp-json\/wp\/v2\/media?parent=20190"}],"wp:term":[{"taxonomy":"product_brand","embeddable":true,"href":"https:\/\/verpatec.ch\/fr\/wp-json\/wp\/v2\/product_brand?post=20190"},{"taxonomy":"product_cat","embeddable":true,"href":"https:\/\/verpatec.ch\/fr\/wp-json\/wp\/v2\/product_cat?post=20190"},{"taxonomy":"product_tag","embeddable":true,"href":"https:\/\/verpatec.ch\/fr\/wp-json\/wp\/v2\/product_tag?post=20190"}],"curies":[{"name":"wp","href":"https:\/\/api.w.org\/{rel}","templated":true}]}}