{"id":20178,"date":"2024-11-15T10:21:46","date_gmt":"2024-11-15T09:21:47","guid":{"rendered":"https:\/\/verpatec.ch\/produkt\/eurobox-im-750x350x310mm\/"},"modified":"2025-01-10T08:40:15","modified_gmt":"2025-01-10T07:40:15","slug":"eurobox-im-750x350x310mm","status":"publish","type":"product","link":"https:\/\/verpatec.ch\/fr\/produit\/eurobox-im-750x350x310mm\/","title":{"rendered":"Eurobox IM: 750x350x310mm 40704"},"content":{"rendered":"","protected":false},"excerpt":{"rendered":"<p>L'Eurobox 40704 de Zarges offre une solution robuste et pratique pour le transport et le stockage. Avec une construction stable en aluminium et un joint de couvercle inject\u00e9 de mousse sur tout le pourtour, elle prot\u00e8ge de mani\u00e8re fiable contre la poussi\u00e8re et les projections d'eau. De plus, sa grande stabilit\u00e9 gr\u00e2ce \u00e0 des profil\u00e9s enti\u00e8rement soud\u00e9s et des ferrures en acier inoxydable lui assure une longue dur\u00e9e de vie.<\/p>\n<p>Caract\u00e9ristiques du produit :<\/p>\n<p>Dimensions ext\u00e9rieures L x l x H : 800 mm \u00d7 400 mm \u00d7 340 mm<br \/>Joint : Joint de couvercle en mousse<br \/>Coins de coin : Oui<br \/>Couleur des coins de gerbage : cyan<br \/>Poids : 6.1 kg<br \/>Poign\u00e9es : Poign\u00e9es \u00e0 ressort<\/p>\n","protected":false},"featured_media":20489,"comment_status":"open","ping_status":"closed","template":"","meta":{"inline_featured_image":false},"product_brand":[],"product_cat":[75,78],"product_tag":[],"class_list":{"0":"post-20178","1":"product","2":"type-product","3":"status-publish","4":"has-post-thumbnail","6":"product_cat-conteneurs","7":"product_cat-conteneur-en-aluminium","8":"product_shipping_class-postpaket-2-fr","9":"post-wrapper","11":"first","12":"instock","13":"taxable","14":"shipping-taxable","15":"purchasable","16":"product-type-simple"},"_links":{"self":[{"href":"https:\/\/verpatec.ch\/fr\/wp-json\/wp\/v2\/product\/20178","targetHints":{"allow":["GET"]}}],"collection":[{"href":"https:\/\/verpatec.ch\/fr\/wp-json\/wp\/v2\/product"}],"about":[{"href":"https:\/\/verpatec.ch\/fr\/wp-json\/wp\/v2\/types\/product"}],"replies":[{"embeddable":true,"href":"https:\/\/verpatec.ch\/fr\/wp-json\/wp\/v2\/comments?post=20178"}],"wp:featuredmedia":[{"embeddable":true,"href":"https:\/\/verpatec.ch\/fr\/wp-json\/wp\/v2\/media\/20489"}],"wp:attachment":[{"href":"https:\/\/verpatec.ch\/fr\/wp-json\/wp\/v2\/media?parent=20178"}],"wp:term":[{"taxonomy":"product_brand","embeddable":true,"href":"https:\/\/verpatec.ch\/fr\/wp-json\/wp\/v2\/product_brand?post=20178"},{"taxonomy":"product_cat","embeddable":true,"href":"https:\/\/verpatec.ch\/fr\/wp-json\/wp\/v2\/product_cat?post=20178"},{"taxonomy":"product_tag","embeddable":true,"href":"https:\/\/verpatec.ch\/fr\/wp-json\/wp\/v2\/product_tag?post=20178"}],"curies":[{"name":"wp","href":"https:\/\/api.w.org\/{rel}","templated":true}]}}