{"id":20172,"date":"2024-11-15T10:21:37","date_gmt":"2024-11-15T09:21:38","guid":{"rendered":"https:\/\/verpatec.ch\/produkt\/eurobox-im-550x350x380mm\/"},"modified":"2025-04-28T16:17:39","modified_gmt":"2025-04-28T14:17:39","slug":"eurobox-im-550x350x380mm","status":"publish","type":"product","link":"https:\/\/verpatec.ch\/fr\/produit\/eurobox-im-550x350x380mm\/","title":{"rendered":"Eurobox IM: 550x350x380mm 40703"},"content":{"rendered":"","protected":false},"excerpt":{"rendered":"<p>La caisse universelle ZARGES permet un empilage s\u00fbr gr\u00e2ce \u00e0 ses coins de gerbage en plastique cyan r\u00e9sistant aux chocs. Elle est \u00e9quip\u00e9e d'un joint de couvercle durable, inject\u00e9 de mousse sur tout le pourtour, qui offre une protection contre la poussi\u00e8re et les projections d'eau. Les caract\u00e9ristiques de qualit\u00e9 telles que les profil\u00e9s enti\u00e8rement soud\u00e9s, les coins et les rivets pleins assurent une grande stabilit\u00e9 et une longue dur\u00e9e de vie. Les poign\u00e9es et les fermetures ergonomiques ZARGES Comfort garantissent une manipulation facile et une capacit\u00e9 de charge extr\u00eame allant jusqu'\u00e0 50 kg.<\/p>\n<p>Caract\u00e9ristiques du produit :<\/p>\n<p>Dimensions ext\u00e9rieures (L x l x H) : 600 mm \u00d7 400 mm \u00d7 410 mm<br \/>Joint d'\u00e9tanch\u00e9it\u00e9 : joint de couvercle en mousse<br \/>Coins d'angle : Oui<br \/>Couleur des coins de gerbage : cyan<br \/>Poids : 5.2 kg<br \/>Poign\u00e9es : Poign\u00e9es \u00e0 ressort<\/p>\n","protected":false},"featured_media":20502,"comment_status":"open","ping_status":"closed","template":"","meta":{"inline_featured_image":false},"product_brand":[],"product_cat":[75,78],"product_tag":[],"class_list":{"0":"post-20172","1":"product","2":"type-product","3":"status-publish","4":"has-post-thumbnail","6":"product_cat-conteneurs","7":"product_cat-conteneur-en-aluminium","8":"product_shipping_class-postpaket-2-fr","9":"post-wrapper","11":"first","12":"instock","13":"taxable","14":"shipping-taxable","15":"purchasable","16":"product-type-simple"},"_links":{"self":[{"href":"https:\/\/verpatec.ch\/fr\/wp-json\/wp\/v2\/product\/20172","targetHints":{"allow":["GET"]}}],"collection":[{"href":"https:\/\/verpatec.ch\/fr\/wp-json\/wp\/v2\/product"}],"about":[{"href":"https:\/\/verpatec.ch\/fr\/wp-json\/wp\/v2\/types\/product"}],"replies":[{"embeddable":true,"href":"https:\/\/verpatec.ch\/fr\/wp-json\/wp\/v2\/comments?post=20172"}],"wp:featuredmedia":[{"embeddable":true,"href":"https:\/\/verpatec.ch\/fr\/wp-json\/wp\/v2\/media\/20502"}],"wp:attachment":[{"href":"https:\/\/verpatec.ch\/fr\/wp-json\/wp\/v2\/media?parent=20172"}],"wp:term":[{"taxonomy":"product_brand","embeddable":true,"href":"https:\/\/verpatec.ch\/fr\/wp-json\/wp\/v2\/product_brand?post=20172"},{"taxonomy":"product_cat","embeddable":true,"href":"https:\/\/verpatec.ch\/fr\/wp-json\/wp\/v2\/product_cat?post=20172"},{"taxonomy":"product_tag","embeddable":true,"href":"https:\/\/verpatec.ch\/fr\/wp-json\/wp\/v2\/product_tag?post=20172"}],"curies":[{"name":"wp","href":"https:\/\/api.w.org\/{rel}","templated":true}]}}