{"id":20169,"date":"2024-11-15T10:21:32","date_gmt":"2024-11-15T09:21:33","guid":{"rendered":"https:\/\/verpatec.ch\/produkt\/eurobox-im-400x300x340mm\/"},"modified":"2025-04-28T16:17:26","modified_gmt":"2025-04-28T14:17:26","slug":"eurobox-im-400x300x340mm","status":"publish","type":"product","link":"https:\/\/verpatec.ch\/fr\/produit\/eurobox-im-400x300x340mm\/","title":{"rendered":"Eurobox IM: 400x300x340mm 40700"},"content":{"rendered":"","protected":false},"excerpt":{"rendered":"<p>Description du produit<\/p>\n<p>La caisse universelle offre une grande stabilit\u00e9 et une longue dur\u00e9e de vie gr\u00e2ce \u00e0 de nombreuses caract\u00e9ristiques de qualit\u00e9 comme les profil\u00e9s enti\u00e8rement soud\u00e9s, les coins et les rivets pleins. Avec des coins de gerbage cyan r\u00e9sistants aux chocs pour un empilage s\u00fbr, un joint de couvercle mouss\u00e9 sur tout le pourtour pour une protection contre la poussi\u00e8re et les projections d'eau ainsi que des poign\u00e9es et des fermetures ergonomiques ZARGES Comfort pour une manipulation facile. La caisse est con\u00e7ue pour des charges d'empilage et de transport maximales avec un poids propre faible.<br \/>Caract\u00e9ristiques du produit :<br \/>Dimensions ext\u00e9rieures (L x l x H) : 400 mm x 300 mm x 340 mm<br \/>Joint : Joint de couvercle en mousse<br \/>Coins d'angle : Oui<br \/>Couleur des coins de gerbage : cyan<br \/>Poids : 3 kg<br \/>Poign\u00e9es : Poign\u00e9es \u00e0 ressort<\/p>\n","protected":false},"featured_media":20510,"comment_status":"open","ping_status":"closed","template":"","meta":{"inline_featured_image":false},"product_brand":[],"product_cat":[75,78],"product_tag":[],"class_list":{"0":"post-20169","1":"product","2":"type-product","3":"status-publish","4":"has-post-thumbnail","6":"product_cat-conteneurs","7":"product_cat-conteneur-en-aluminium","8":"product_shipping_class-postpaket-2-fr","9":"post-wrapper","11":"first","12":"instock","13":"taxable","14":"shipping-taxable","15":"purchasable","16":"product-type-simple"},"_links":{"self":[{"href":"https:\/\/verpatec.ch\/fr\/wp-json\/wp\/v2\/product\/20169","targetHints":{"allow":["GET"]}}],"collection":[{"href":"https:\/\/verpatec.ch\/fr\/wp-json\/wp\/v2\/product"}],"about":[{"href":"https:\/\/verpatec.ch\/fr\/wp-json\/wp\/v2\/types\/product"}],"replies":[{"embeddable":true,"href":"https:\/\/verpatec.ch\/fr\/wp-json\/wp\/v2\/comments?post=20169"}],"wp:featuredmedia":[{"embeddable":true,"href":"https:\/\/verpatec.ch\/fr\/wp-json\/wp\/v2\/media\/20510"}],"wp:attachment":[{"href":"https:\/\/verpatec.ch\/fr\/wp-json\/wp\/v2\/media?parent=20169"}],"wp:term":[{"taxonomy":"product_brand","embeddable":true,"href":"https:\/\/verpatec.ch\/fr\/wp-json\/wp\/v2\/product_brand?post=20169"},{"taxonomy":"product_cat","embeddable":true,"href":"https:\/\/verpatec.ch\/fr\/wp-json\/wp\/v2\/product_cat?post=20169"},{"taxonomy":"product_tag","embeddable":true,"href":"https:\/\/verpatec.ch\/fr\/wp-json\/wp\/v2\/product_tag?post=20169"}],"curies":[{"name":"wp","href":"https:\/\/api.w.org\/{rel}","templated":true}]}}